{"id":859,"date":"2025-05-27T09:06:00","date_gmt":"2025-05-27T07:06:00","guid":{"rendered":"https:\/\/onesleeve.estima.site\/produkt\/pudelko-akrylowe-do-booster-boxa-dragon-ball-super-card-game-fusion-world\/"},"modified":"2025-11-25T16:24:38","modified_gmt":"2025-11-25T14:24:38","slug":"pudelko-akrylowe-do-booster-boxa-dragon-ball-super-card-game-fusion-world","status":"publish","type":"product","link":"https:\/\/one-sleeve.com\/fr\/produkt\/pudelko-akrylowe-do-booster-boxa-dragon-ball-super-card-game-fusion-world\/","title":{"rendered":"Pude\u0142ko akrylowe do Booster Box&rsquo;a Dragon Ball Super Card Game Fusion World"},"content":{"rendered":"<p>Kryszta\u0142owa przezroczysto\u015b\u0107: Doskona\u0142a widoczno\u015b\u0107 dzi\u0119ki przezroczystemu akrylowi, kt\u00f3re zachowuje pi\u0119kno ilustracji na booster box&rsquo;a Dragon Ball Super Card Game Fusion World.<br \/>\nOdporno\u015b\u0107 na UV: Chro\u0144 swoje zapiecz\u0119towane przedmioty przed szkodliwymi skutkami promieni UV dzi\u0119ki naszej pow\u0142oce anty-UV.<br \/>\nWyko\u0144czenie akrylowe z polerowaniem: Rogi i kraw\u0119dzie produktu z plexi s\u0105 starannie wypolerowane, zapewniaj\u0105c ochron\u0119 bez niechcianych \u015blad\u00f3w i przyjemny w dotyku materia\u0142 dla Twoich Booster box&rsquo;\u00f3w Dragon Ball Super Card Game Fusion World.<br \/>\nMocowanie magnetyczne: Brak nudnych \u015brub, zamiast tego mocowanie za pomoc\u0105 6 silnych magnes\u00f3w w naszych akrylowych pude\u0142kach, co zapewnia bezpieczne zamkni\u0119cie, a jednocze\u015bnie \u0142atwy dost\u0119p do Twojego booster box&rsquo;a Dragon Ball Super Card Game Fusion World.<br \/>\nIdealny rozmiar: Nasza ochrona akrylowa idealnie pasuje do rozmiaru produktu, umo\u017cliwiaj\u0105c \u0142atwe umieszczenie w Twoim displayu.<\/p>\n<p>Zafunduj swoim kartom i zapiecz\u0119towanym produktom z Dragon Ball Super Card Game Fusion World luksus, na jaki zas\u0142uguj\u0105, dzi\u0119ki naszej ofercie ochrony akrylowymi pude\u0142kami.<\/p>\n","protected":false},"excerpt":{"rendered":"<p>Kryszta\u0142owa przezroczysto\u015b\u0107: Doskona\u0142a widoczno\u015b\u0107 dzi\u0119ki przezroczystemu akrylowi, kt\u00f3re zachowuje pi\u0119kno ilustracji na booster box&rsquo;a Dragon Ball Super Card Game Fusion World. Odporno\u015b\u0107 na UV: Chro\u0144 swoje zapiecz\u0119towane przedmioty przed szkodliwymi skutkami promieni UV dzi\u0119ki naszej pow\u0142oce anty-UV. Wyko\u0144czenie akrylowe z polerowaniem: Rogi i kraw\u0119dzie produktu z plexi s\u0105 starannie wypolerowane, zapewniaj\u0105c ochron\u0119 bez niechcianych \u015blad\u00f3w [&hellip;]<\/p>\n","protected":false},"featured_media":0,"comment_status":"open","ping_status":"closed","template":"","meta":{"_acf_changed":false},"product_brand":[],"product_cat":[191,128,139,181],"product_tag":[],"class_list":{"0":"post-859","1":"product","2":"type-product","3":"status-publish","5":"product_cat-boites-a-cartes","6":"product_cat-dragon-ball-fr","7":"product_cat-boites-a-cartes-dragon-ball","8":"product_cat-promotions-fr","9":"pa_producent-baroncollections-fr","10":"pa_typ-boite-en-acrylique","12":"first","13":"outofstock","14":"sale","15":"taxable","16":"shipping-taxable","17":"purchasable","18":"product-type-simple"},"acf":[],"_links":{"self":[{"href":"https:\/\/one-sleeve.com\/fr\/wp-json\/wp\/v2\/product\/859","targetHints":{"allow":["GET"]}}],"collection":[{"href":"https:\/\/one-sleeve.com\/fr\/wp-json\/wp\/v2\/product"}],"about":[{"href":"https:\/\/one-sleeve.com\/fr\/wp-json\/wp\/v2\/types\/product"}],"replies":[{"embeddable":true,"href":"https:\/\/one-sleeve.com\/fr\/wp-json\/wp\/v2\/comments?post=859"}],"wp:attachment":[{"href":"https:\/\/one-sleeve.com\/fr\/wp-json\/wp\/v2\/media?parent=859"}],"wp:term":[{"taxonomy":"product_brand","embeddable":true,"href":"https:\/\/one-sleeve.com\/fr\/wp-json\/wp\/v2\/product_brand?post=859"},{"taxonomy":"product_cat","embeddable":true,"href":"https:\/\/one-sleeve.com\/fr\/wp-json\/wp\/v2\/product_cat?post=859"},{"taxonomy":"product_tag","embeddable":true,"href":"https:\/\/one-sleeve.com\/fr\/wp-json\/wp\/v2\/product_tag?post=859"}],"curies":[{"name":"wp","href":"https:\/\/api.w.org\/{rel}","templated":true}]}}