{"id":2542,"date":"2026-03-08T11:22:39","date_gmt":"2026-03-08T09:22:39","guid":{"rendered":"https:\/\/one-sleeve.com\/?post_type=product&#038;p=2542"},"modified":"2026-03-11T23:15:52","modified_gmt":"2026-03-11T21:15:52","slug":"black-bolt-booster-bundle","status":"publish","type":"product","link":"https:\/\/one-sleeve.com\/fr\/produkt\/black-bolt-booster-bundle\/","title":{"rendered":"Black Bolt Booster Bundle"},"content":{"rendered":"<p>Ten zestaw <strong data-start=\"11\" data-end=\"48\">Pok\u00e9mon Black Bolt Booster Bundle<\/strong> zawiera:<\/p>\n<ul>\n<li>6 Pok\u00e9mon TCG: Black Bolt booster packs<\/li>\n<li>J\u0119zyk angielski<\/li>\n<\/ul>\n","protected":false},"excerpt":{"rendered":"<p>Ten zestaw Pok\u00e9mon Black Bolt Booster Bundle zawiera: 6 Pok\u00e9mon TCG: Black Bolt booster packs J\u0119zyk angielski<\/p>\n","protected":false},"featured_media":2543,"comment_status":"open","ping_status":"closed","template":"","meta":{"_acf_changed":false},"product_brand":[],"product_cat":[19,115,21,25],"product_tag":[],"class_list":{"0":"post-2542","1":"product","2":"type-product","3":"status-publish","4":"has-post-thumbnail","6":"product_cat-karty-do-gier","7":"product_cat-sklep-kategoria","8":"product_cat-pokemon","9":"product_cat-karty-pokemon","10":"pa_producent-pokemon-tcg","11":"pa_typ-karty-kolekcjonerskie","13":"first","14":"outofstock","15":"taxable","16":"shipping-taxable","17":"purchasable","18":"product-type-simple"},"acf":[],"_links":{"self":[{"href":"https:\/\/one-sleeve.com\/fr\/wp-json\/wp\/v2\/product\/2542","targetHints":{"allow":["GET"]}}],"collection":[{"href":"https:\/\/one-sleeve.com\/fr\/wp-json\/wp\/v2\/product"}],"about":[{"href":"https:\/\/one-sleeve.com\/fr\/wp-json\/wp\/v2\/types\/product"}],"replies":[{"embeddable":true,"href":"https:\/\/one-sleeve.com\/fr\/wp-json\/wp\/v2\/comments?post=2542"}],"wp:featuredmedia":[{"embeddable":true,"href":"https:\/\/one-sleeve.com\/fr\/wp-json\/wp\/v2\/media\/2543"}],"wp:attachment":[{"href":"https:\/\/one-sleeve.com\/fr\/wp-json\/wp\/v2\/media?parent=2542"}],"wp:term":[{"taxonomy":"product_brand","embeddable":true,"href":"https:\/\/one-sleeve.com\/fr\/wp-json\/wp\/v2\/product_brand?post=2542"},{"taxonomy":"product_cat","embeddable":true,"href":"https:\/\/one-sleeve.com\/fr\/wp-json\/wp\/v2\/product_cat?post=2542"},{"taxonomy":"product_tag","embeddable":true,"href":"https:\/\/one-sleeve.com\/fr\/wp-json\/wp\/v2\/product_tag?post=2542"}],"curies":[{"name":"wp","href":"https:\/\/api.w.org\/{rel}","templated":true}]}}