{"id":964,"date":"2025-05-28T12:37:05","date_gmt":"2025-05-28T10:37:05","guid":{"rendered":"https:\/\/onesleeve.estima.site\/retours\/"},"modified":"2025-10-13T08:59:29","modified_gmt":"2025-10-13T06:59:29","slug":"retours","status":"publish","type":"page","link":"https:\/\/one-sleeve.com\/fr\/retours\/","title":{"rendered":"Retours"},"content":{"rendered":"\n<div class=\"wp-block-columns is-layout-flex wp-container-core-columns-is-layout-28f84493 wp-block-columns-is-layout-flex\">\n<div class=\"wp-block-column is-layout-flow wp-block-column-is-layout-flow\">\t<div class=\"full_row-bread\">\n\t\t<div class=\"col-full\">\n\t\t<nav aria-label=\"breadcrumbs\" class=\"rank-math-breadcrumb\"><p><span class=\"last\">Home<\/span><\/p><\/nav>\t\t<\/div>\n\t<\/div>\n\t<\/div>\n<\/div>\n\n\n\n<div style=\"height:30px\" aria-hidden=\"true\" class=\"wp-block-spacer\"><\/div>\n\n\n\n<div class=\"wp-block-columns is-layout-flex wp-container-core-columns-is-layout-28f84493 wp-block-columns-is-layout-flex\">\n<div class=\"wp-block-column is-layout-flow wp-block-column-is-layout-flow\">\n<h2 class=\"wp-block-heading\"><strong>Retours Internationals<\/strong><\/h2>\n\n\n\n<p>Pour retourner un colis international, veuillez&nbsp;<strong>contacter notre boutique<\/strong>&nbsp;\u00e0 l\u2019adresse e-mail&nbsp;<strong><a href=\"mailto:kontakt@one-sleeve.com\" target=\"_blank\" rel=\"noreferrer noopener\">kontakt@one-sleeve.com<\/a><\/strong>&nbsp;ou par t\u00e9l\u00e9phone au&nbsp;<strong>+48 517 355 576<\/strong>.<br>Nous assistons nos clients en&nbsp;<strong>Fran\u00e7ais, Anglais&nbsp;<\/strong>et<strong>&nbsp;Polonais<\/strong>. &nbsp;<\/p>\n<\/div>\n<\/div>\n\n\n\n<p><\/p>\n","protected":false},"excerpt":{"rendered":"<p>Retours Internationals Pour retourner un colis international, veuillez&nbsp;contacter notre boutique&nbsp;\u00e0 l\u2019adresse e-mail&nbsp;kontakt@one-sleeve.com&nbsp;ou par t\u00e9l\u00e9phone au&nbsp;+48 517 355 576.Nous assistons nos clients en&nbsp;Fran\u00e7ais, Anglais&nbsp;et&nbsp;Polonais. &nbsp;<\/p>\n","protected":false},"author":1,"featured_media":0,"parent":0,"menu_order":0,"comment_status":"closed","ping_status":"closed","template":"template-fullwidth.php","meta":{"_acf_changed":false,"footnotes":""},"class_list":["post-964","page","type-page","status-publish","hentry"],"acf":[],"_links":{"self":[{"href":"https:\/\/one-sleeve.com\/fr\/wp-json\/wp\/v2\/pages\/964","targetHints":{"allow":["GET"]}}],"collection":[{"href":"https:\/\/one-sleeve.com\/fr\/wp-json\/wp\/v2\/pages"}],"about":[{"href":"https:\/\/one-sleeve.com\/fr\/wp-json\/wp\/v2\/types\/page"}],"author":[{"embeddable":true,"href":"https:\/\/one-sleeve.com\/fr\/wp-json\/wp\/v2\/users\/1"}],"replies":[{"embeddable":true,"href":"https:\/\/one-sleeve.com\/fr\/wp-json\/wp\/v2\/comments?post=964"}],"version-history":[{"count":1,"href":"https:\/\/one-sleeve.com\/fr\/wp-json\/wp\/v2\/pages\/964\/revisions"}],"predecessor-version":[{"id":1421,"href":"https:\/\/one-sleeve.com\/fr\/wp-json\/wp\/v2\/pages\/964\/revisions\/1421"}],"wp:attachment":[{"href":"https:\/\/one-sleeve.com\/fr\/wp-json\/wp\/v2\/media?parent=964"}],"curies":[{"name":"wp","href":"https:\/\/api.w.org\/{rel}","templated":true}]}}