{"id":962,"date":"2025-05-28T12:36:32","date_gmt":"2025-05-28T10:36:32","guid":{"rendered":"https:\/\/onesleeve.estima.site\/date-limite-dachevement\/"},"modified":"2025-10-13T09:01:40","modified_gmt":"2025-10-13T07:01:40","slug":"date-limite-dachevement","status":"publish","type":"page","link":"https:\/\/one-sleeve.com\/fr\/date-limite-dachevement\/","title":{"rendered":"Date limite d&rsquo;ach\u00e8vement"},"content":{"rendered":"\n<div class=\"wp-block-columns is-layout-flex wp-container-core-columns-is-layout-28f84493 wp-block-columns-is-layout-flex\">\n<div class=\"wp-block-column is-layout-flow wp-block-column-is-layout-flow\">\t<div class=\"full_row-bread\">\n\t\t<div class=\"col-full\">\n\t\t<nav aria-label=\"breadcrumbs\" class=\"rank-math-breadcrumb\"><p><span class=\"last\">Home<\/span><\/p><\/nav>\t\t<\/div>\n\t<\/div>\n\t<\/div>\n<\/div>\n\n\n\n<div style=\"height:30px\" aria-hidden=\"true\" class=\"wp-block-spacer\"><\/div>\n\n\n\n<div class=\"wp-block-columns is-layout-flex wp-container-core-columns-is-layout-28f84493 wp-block-columns-is-layout-flex\">\n<div class=\"wp-block-column is-layout-flow wp-block-column-is-layout-flow\">\n<h2 class=\"wp-block-heading\"><strong><strong><strong>D\u00e9lai de traitement et de livraison des commandes<\/strong><\/strong><\/strong><\/h2>\n\n\n\n<p>La plupart des commandes sont&nbsp;<strong>exp\u00e9di\u00e9es sous 24 heures<\/strong>.<br>La livraison est effectu\u00e9e :<\/p>\n\n\n\n<p><strong>en 2 \u00e0 8 jours ouvrables<\/strong>\u00a0dans les pays de l\u2019<strong>Union europ\u00e9enne<\/strong>,<br>par l\u2019interm\u00e9diaire de\u00a0<strong>FedEx<\/strong>.<\/p>\n\n\n\n<p><strong>en 1 \u00e0 2 jours ouvrables<\/strong>\u00a0sur le territoire de la\u00a0<strong>Pologne<\/strong>,<\/p>\n<\/div>\n<\/div>\n\n\n\n<p><\/p>\n","protected":false},"excerpt":{"rendered":"<p>D\u00e9lai de traitement et de livraison des commandes La plupart des commandes sont&nbsp;exp\u00e9di\u00e9es sous 24 heures.La livraison est effectu\u00e9e : en 2 \u00e0 8 jours ouvrables\u00a0dans les pays de l\u2019Union europ\u00e9enne,par l\u2019interm\u00e9diaire de\u00a0FedEx. en 1 \u00e0 2 jours ouvrables\u00a0sur le territoire de la\u00a0Pologne,<\/p>\n","protected":false},"author":1,"featured_media":0,"parent":0,"menu_order":0,"comment_status":"closed","ping_status":"closed","template":"template-fullwidth.php","meta":{"_acf_changed":false,"footnotes":""},"class_list":["post-962","page","type-page","status-publish","hentry"],"acf":[],"_links":{"self":[{"href":"https:\/\/one-sleeve.com\/fr\/wp-json\/wp\/v2\/pages\/962","targetHints":{"allow":["GET"]}}],"collection":[{"href":"https:\/\/one-sleeve.com\/fr\/wp-json\/wp\/v2\/pages"}],"about":[{"href":"https:\/\/one-sleeve.com\/fr\/wp-json\/wp\/v2\/types\/page"}],"author":[{"embeddable":true,"href":"https:\/\/one-sleeve.com\/fr\/wp-json\/wp\/v2\/users\/1"}],"replies":[{"embeddable":true,"href":"https:\/\/one-sleeve.com\/fr\/wp-json\/wp\/v2\/comments?post=962"}],"version-history":[{"count":1,"href":"https:\/\/one-sleeve.com\/fr\/wp-json\/wp\/v2\/pages\/962\/revisions"}],"predecessor-version":[{"id":1423,"href":"https:\/\/one-sleeve.com\/fr\/wp-json\/wp\/v2\/pages\/962\/revisions\/1423"}],"wp:attachment":[{"href":"https:\/\/one-sleeve.com\/fr\/wp-json\/wp\/v2\/media?parent=962"}],"curies":[{"name":"wp","href":"https:\/\/api.w.org\/{rel}","templated":true}]}}