{"id":957,"date":"2025-05-28T12:35:18","date_gmt":"2025-05-28T10:35:18","guid":{"rendered":"https:\/\/onesleeve.estima.site\/politique-de-confidentialite\/"},"modified":"2025-10-01T11:19:37","modified_gmt":"2025-10-01T09:19:37","slug":"politique-de-confidentialite","status":"publish","type":"page","link":"https:\/\/one-sleeve.com\/fr\/politique-de-confidentialite\/","title":{"rendered":"Politique de confidentialit\u00e9"},"content":{"rendered":"\n<div class=\"wp-block-columns is-layout-flex wp-container-core-columns-is-layout-28f84493 wp-block-columns-is-layout-flex\">\n<div class=\"wp-block-column is-layout-flow wp-block-column-is-layout-flow\">\t<div class=\"full_row-bread\">\n\t\t<div class=\"col-full\">\n\t\t<nav aria-label=\"breadcrumbs\" class=\"rank-math-breadcrumb\"><p><span class=\"last\">Home<\/span><\/p><\/nav>\t\t<\/div>\n\t<\/div>\n\t<\/div>\n<\/div>\n\n\n\n<div style=\"height:30px\" aria-hidden=\"true\" class=\"wp-block-spacer\"><\/div>\n\n\n\n<div class=\"wp-block-columns is-layout-flex wp-container-core-columns-is-layout-28f84493 wp-block-columns-is-layout-flex\">\n<div class=\"wp-block-column is-layout-flow wp-block-column-is-layout-flow\">\n<p><strong>POLITIQUE DE CONFIDENTIALIT\u00c9 DE LA BOUTIQUE EN LIGNE<\/strong><\/p>\n\n\n\n<p><br><strong>WWW.ONE-SLEEVE.COM<\/strong><\/p>\n\n\n\n<p><strong>\u00a7 1<\/strong><strong><br><\/strong><strong>DISPOSITIONS G\u00c9N\u00c9RALES<\/strong><\/p>\n\n\n\n<ol class=\"wp-block-list\">\n<li>Le responsable du traitement des donn\u00e9es personnelles collect\u00e9es via la boutique en ligne www.one-sleeve.com est Christian Ferdou\u00ebl, exer\u00e7ant une activit\u00e9 commerciale sous l\u2019enseigne Christian Ferdou\u00ebl Collections, enregistr\u00e9e dans le Registre central et les informations sur l\u2019activit\u00e9 commerciale de la R\u00e9publique de Pologne tenu par le ministre comp\u00e9tent en mati\u00e8re \u00e9conomique, lieu d\u2019activit\u00e9 et adresse pour les notifications : ul. Wadowicka 7, 30-347 Cracovie, NIP : 6772529577, REGON : 542514759, adresse \u00e9lectronique : kontakt@one-sleeve.com, num\u00e9ro de t\u00e9l\u00e9phone : +48 517 355 576, ci-apr\u00e8s d\u00e9nomm\u00e9 \u00ab Responsable \u00bb et agissant \u00e9galement en qualit\u00e9 de \u00ab Prestataire \u00bb.<\/li>\n\n\n\n<li>Les donn\u00e9es personnelles collect\u00e9es par le Responsable via le site internet sont trait\u00e9es conform\u00e9ment au R\u00e8glement (UE) 2016\/679 du Parlement europ\u00e9en et du Conseil du 27 avril 2016 relatif \u00e0 la protection des personnes physiques \u00e0 l\u2019\u00e9gard du traitement des donn\u00e9es \u00e0 caract\u00e8re personnel et \u00e0 la libre circulation de ces donn\u00e9es, et abrogeant la directive 95\/46\/CE (r\u00e8glement g\u00e9n\u00e9ral sur la protection des donn\u00e9es), ci-apr\u00e8s \u00ab RGPD \u00bb.<\/li>\n\n\n\n<li>Tous les mots ou expressions \u00e9crits avec une majuscule dans le contenu de la pr\u00e9sente Politique de Confidentialit\u00e9 doivent \u00eatre compris conform\u00e9ment \u00e0 leur d\u00e9finition figurant dans le R\u00e8glement de la boutique en ligne www.one-sleeve.com.<\/li>\n<\/ol>\n\n\n\n<p><strong>\u00a7 2<\/strong><strong><br><\/strong><strong>TYPE DE DONN\u00c9ES PERSONNELLES TRAIT\u00c9ES, OBJECTIF ET PORT\u00c9E DE LA COLLECTE DE DONN\u00c9ES<\/strong><\/p>\n\n\n\n<ol class=\"wp-block-list\">\n<li><strong>OBJECTIF DU TRAITEMENT ET BASE L\u00c9GALE.<\/strong> Le Responsable traite les donn\u00e9es personnelles des utilisateurs de la boutique en ligne www.one-sleeve.com dans les cas suivants :\n<ol class=\"wp-block-list\">\n<li>Lors de l\u2019inscription d\u2019un compte sur la boutique, afin de cr\u00e9er un compte individuel et de g\u00e9rer ce compte, sur la base de l\u2019art. 6, paragraphe 1, lettre b) du RGPD (ex\u00e9cution d\u2019un contrat de prestation de services \u00e9lectroniques conform\u00e9ment au R\u00e8glement de la boutique).<\/li>\n\n\n\n<li>Lors de la passation d\u2019une commande dans la boutique, afin d\u2019ex\u00e9cuter le contrat de vente, sur la base de l\u2019art. 6, paragraphe 1, lettre b) du RGPD (ex\u00e9cution d\u2019un contrat de vente).<\/li>\n\n\n\n<li>Lors de l\u2019inscription \u00e0 la newsletter, afin d\u2019envoyer des informations commerciales par voie \u00e9lectronique, les donn\u00e9es personnelles \u00e9tant trait\u00e9es apr\u00e8s consentement distinct, sur la base de l\u2019art. 6, paragraphe 1, lettre a) du RGPD.<\/li>\n\n\n\n<li>Lors de l\u2019utilisation du syst\u00e8me d\u2019avis, afin de conna\u00eetre l\u2019opinion du client sur le contrat de vente conclu avec le Responsable, sur la base de l\u2019art. 6, paragraphe 1, lettre f) du RGPD (int\u00e9r\u00eat l\u00e9gitime de l\u2019entreprise).<\/li>\n<\/ol>\n<\/li>\n\n\n\n<li><strong>TYPE DE DONN\u00c9ES PERSONNELLES TRAIT\u00c9ES.<\/strong> L\u2019utilisateur fournit les donn\u00e9es suivantes selon le cas :\n<ol class=\"wp-block-list\">\n<li>Pour le compte : adresse e-mail.<\/li>\n\n\n\n<li>Pour la commande : pr\u00e9nom et nom, date de naissance, adresse de r\u00e9sidence, NIP, adresse e-mail, num\u00e9ro de t\u00e9l\u00e9phone.<\/li>\n\n\n\n<li>Pour la newsletter : pr\u00e9nom et nom, adresse e-mail.<\/li>\n\n\n\n<li>Pour le syst\u00e8me d\u2019avis : pr\u00e9nom et nom, adresse e-mail.<\/li>\n<\/ol>\n<\/li>\n\n\n\n<li><strong>P\u00c9RIODE DE CONSERVATION DES DONN\u00c9ES PERSONNELLES.<\/strong> Les donn\u00e9es personnelles des utilisateurs sont conserv\u00e9es par le Responsable :\n<ol class=\"wp-block-list\">\n<li>Lorsque le traitement est bas\u00e9 sur l\u2019ex\u00e9cution d\u2019un contrat, aussi longtemps que n\u00e9cessaire pour ex\u00e9cuter le contrat, puis pour une dur\u00e9e correspondant au d\u00e9lai de prescription des r\u00e9clamations. Sauf disposition sp\u00e9ciale, ce d\u00e9lai est de six ans, et pour les r\u00e9clamations p\u00e9riodiques ou li\u00e9es \u00e0 l\u2019activit\u00e9 commerciale \u2013 trois ans.<\/li>\n\n\n\n<li>Lorsque le traitement est bas\u00e9 sur le consentement, aussi longtemps que le consentement n\u2019est pas retir\u00e9, puis apr\u00e8s retrait du consentement, pour une p\u00e9riode correspondant au d\u00e9lai de prescription des r\u00e9clamations que le Responsable peut formuler ou auxquelles il peut faire face. Sauf disposition sp\u00e9ciale, ce d\u00e9lai est de six ans, et pour les r\u00e9clamations p\u00e9riodiques ou li\u00e9es \u00e0 l\u2019activit\u00e9 commerciale \u2013 trois ans.<\/li>\n<\/ol>\n<\/li>\n\n\n\n<li>Lors de l\u2019utilisation de la boutique, des informations suppl\u00e9mentaires peuvent \u00eatre collect\u00e9es, en particulier : adresse IP attribu\u00e9e \u00e0 l\u2019ordinateur de l\u2019utilisateur ou adresse IP externe du fournisseur Internet, nom de domaine, type de navigateur, dur\u00e9e d\u2019acc\u00e8s, type de syst\u00e8me d\u2019exploitation.<\/li>\n\n\n\n<li>Avec un consentement distinct, sur la base de l\u2019art. 6, paragraphe 1, lettre a) du RGPD, les donn\u00e9es peuvent \u00e9galement \u00eatre trait\u00e9es pour l\u2019envoi d\u2019informations commerciales par voie \u00e9lectronique ou pour effectuer des appels t\u00e9l\u00e9phoniques \u00e0 des fins de marketing direct, y compris ceux r\u00e9sultant du profilage, si l\u2019utilisateur a donn\u00e9 son consentement.<\/li>\n\n\n\n<li>Dans le cadre de l\u2019activit\u00e9 de l\u2019utilisateur sur la boutique, un profilage peut avoir lieu afin de s\u00e9lectionner les contenus publicitaires appropri\u00e9s \u00e0 adresser \u00e0 l\u2019utilisateur.<\/li>\n\n\n\n<li>Le profilage d\u00e9signe toute forme de traitement automatis\u00e9 des donn\u00e9es personnelles visant \u00e0 \u00e9valuer certains aspects personnels d\u2019une personne physique, en particulier l\u2019analyse ou la pr\u00e9vision des performances professionnelles, de la situation \u00e9conomique, de la sant\u00e9, des pr\u00e9f\u00e9rences personnelles, des int\u00e9r\u00eats, de la fiabilit\u00e9, du comportement, de la localisation ou des d\u00e9placements. Le profilage n\u2019a pas de cons\u00e9quences juridiques sur l\u2019utilisateur et n\u2019affecte pas de mani\u00e8re significative sa situation. Son but est uniquement de mieux adapter les contenus marketing et les offres.<\/li>\n\n\n\n<li>Des donn\u00e9es de navigation peuvent \u00e9galement \u00eatre collect\u00e9es, notamment les liens et r\u00e9f\u00e9rences sur lesquels l\u2019utilisateur clique ou d\u2019autres actions entreprises sur la boutique. La base l\u00e9gale de ce traitement est l\u2019int\u00e9r\u00eat l\u00e9gitime du Responsable (art. 6, paragraphe 1, lettre f) du RGPD), consistant \u00e0 faciliter l\u2019utilisation des services \u00e9lectroniques et \u00e0 am\u00e9liorer leur fonctionnalit\u00e9.<\/li>\n\n\n\n<li>La fourniture de donn\u00e9es personnelles par l\u2019utilisateur est volontaire.<\/li>\n\n\n\n<li>Le Responsable s\u2019engage \u00e0 prot\u00e9ger les int\u00e9r\u00eats des personnes concern\u00e9es et veille en particulier \u00e0 ce que les donn\u00e9es collect\u00e9es soient :\n<ol class=\"wp-block-list\">\n<li>trait\u00e9es conform\u00e9ment \u00e0 la loi,<\/li>\n\n\n\n<li>\u00a0collect\u00e9es \u00e0 des fins d\u00e9termin\u00e9es et l\u00e9gales et non soumises \u00e0 un traitement ult\u00e9rieur incompatible avec ces finalit\u00e9s,<\/li>\n\n\n\n<li>\u00a0exactes, pertinentes par rapport aux finalit\u00e9s pour lesquelles elles sont trait\u00e9es et conserv\u00e9es sous une forme permettant l\u2019identification des personnes concern\u00e9es, et ce pour une dur\u00e9e n\u2019exc\u00e9dant pas celle n\u00e9cessaire \u00e0 l\u2019atteinte de l\u2019objectif du traitement.<\/li>\n<\/ol>\n<\/li>\n<\/ol>\n\n\n\n<p><strong>\u00a7 3<\/strong><strong><br><\/strong><strong>COMMUNICATION DES DONN\u00c9ES PERSONNELLES<\/strong><\/p>\n\n\n\n<ol class=\"wp-block-list\">\n<li>Les donn\u00e9es personnelles des utilisateurs sont transmises aux prestataires de services utilis\u00e9s par le Responsable dans le cadre de la gestion de la boutique, notamment \u00e0 :\n<ol class=\"wp-block-list\">\n<li>aux entit\u00e9s assurant la livraison des Produits,<\/li>\n\n\n\n<li>aux fournisseurs de syst\u00e8mes de paiement,<\/li>\n\n\n\n<li>aux fournisseurs de syst\u00e8mes de sondages et avis,<\/li>\n\n\n\n<li>au cabinet comptable,<\/li>\n\n\n\n<li>au fournisseur d\u2019h\u00e9bergement,<\/li>\n\n\n\n<li>au fournisseur de logiciels permettant l\u2019exploitation de l\u2019activit\u00e9,<\/li>\n\n\n\n<li>aux entit\u00e9s fournissant un syst\u00e8me de mailing,<\/li>\n\n\n\n<li>au fournisseur de logiciels n\u00e9cessaires \u00e0 la gestion de la boutique en ligne.<\/li>\n<\/ol>\n<\/li>\n\n\n\n<li>Les prestataires de services mentionn\u00e9s au point 1, auxquels les donn\u00e9es personnelles sont transmises, selon les accords contractuels et circonstances, sont soit soumis aux instructions du Responsable concernant les finalit\u00e9s et les modalit\u00e9s de traitement de ces donn\u00e9es (sous-traitants), soit d\u00e9terminent de mani\u00e8re autonome les finalit\u00e9s et modalit\u00e9s de leur traitement (responsables du traitement).<\/li>\n\n\n\n<li>Les donn\u00e9es personnelles des utilisateurs sont conserv\u00e9es exclusivement sur le territoire de l\u2019Espace \u00e9conomique europ\u00e9en (EEE), sous r\u00e9serve des dispositions des \u00a7 5 point 5 et \u00a7 6 de la Politique de confidentialit\u00e9.<\/li>\n\n\n\n<li>Les donn\u00e9es personnelles peuvent \u00eatre transf\u00e9r\u00e9es en dehors de l\u2019Espace \u00e9conomique europ\u00e9en (EEE), notamment aux \u00c9tats-Unis, en lien avec l\u2019utilisation par le Responsable de services fournis par des prestataires d\u2019outils analytiques et marketing (par ex. Google LLC, Meta Platforms Inc.).<br>Le transfert des donn\u00e9es s\u2019effectue sur la base des Clauses Contractuelles Types (CCT) approuv\u00e9es par la Commission europ\u00e9enne, conform\u00e9ment \u00e0 l\u2019art. 46, paragraphe 2, lettre c) du RGPD.<\/li>\n<\/ol>\n\n\n\n<p><strong>\u00a7 4<\/strong><strong><br><\/strong><strong>DROIT DE CONTR\u00d4LE, D\u2019ACC\u00c8S, DE RECTIFICATION ET DE SUPPRESSION DES DONN\u00c9ES PERSONNELLES<\/strong><\/p>\n\n\n\n<ol class=\"wp-block-list\">\n<li>La personne concern\u00e9e a le droit d\u2019acc\u00e9der au contenu de ses donn\u00e9es personnelles ainsi que le droit de les rectifier, de les supprimer, de limiter leur traitement, le droit \u00e0 la portabilit\u00e9 des donn\u00e9es, le droit de s\u2019opposer au traitement, ainsi que le droit de retirer son consentement \u00e0 tout moment sans affecter la l\u00e9galit\u00e9 du traitement effectu\u00e9 sur la base du consentement avant son retrait.<\/li>\n\n\n\n<li>Bases l\u00e9gales des demandes de l\u2019Utilisateur :<br>2.1. acc\u00e8s aux donn\u00e9es \u2013 art. 15 RGPD,<br>2.2. rectification des donn\u00e9es \u2013 art. 16 RGPD,<br>2.3. suppression des donn\u00e9es (droit \u00e0 l\u2019oubli) \u2013 art. 17 RGPD,<br>2.4. limitation du traitement \u2013 art. 18 RGPD,<br>2.5. portabilit\u00e9 des donn\u00e9es \u2013 art. 20 RGPD,<br>2.6. opposition \u2013 art. 21 RGPD,<br>2.7. retrait du consentement \u2013 art. 7, paragraphe 3 RGPD.<\/li>\n\n\n\n<li>Pour exercer les droits mentionn\u00e9s au point 2, il est possible d\u2019envoyer un courriel \u00e0 l\u2019adresse : contact@one-sleeve.com.<\/li>\n\n\n\n<li>En cas d\u2019exercice par l\u2019Utilisateur des droits mentionn\u00e9s ci-dessus, le Responsable r\u00e9pond \u00e0 la demande ou la refuse sans retard injustifi\u00e9, au plus tard dans un d\u00e9lai d\u2019un mois \u00e0 compter de sa r\u00e9ception. Toutefois, si, en raison de la complexit\u00e9 de la demande ou du nombre de demandes, le Responsable ne peut pas r\u00e9pondre dans ce d\u00e9lai, il le fera dans les deux mois suivants, en informant pr\u00e9alablement l\u2019Utilisateur dans le mois suivant la r\u00e9ception de la demande de l\u2019allongement du d\u00e9lai et des raisons de ce report.<\/li>\n\n\n\n<li>Si le traitement des donn\u00e9es personnelles enfreint les dispositions du RGPD, la personne concern\u00e9e a le droit de d\u00e9poser une plainte aupr\u00e8s du Pr\u00e9sident de l\u2019Autorit\u00e9 polonaise de protection des donn\u00e9es personnelles (PUODO).<\/li>\n<\/ol>\n\n\n\n<p><strong>&nbsp;&nbsp;&nbsp;&nbsp;&nbsp;&nbsp;&nbsp;&nbsp;&nbsp;&nbsp;&nbsp;&nbsp;&nbsp;&nbsp;&nbsp;&nbsp;&nbsp;&nbsp;&nbsp;&nbsp;&nbsp;&nbsp;&nbsp;&nbsp;&nbsp;&nbsp;&nbsp;&nbsp;&nbsp;&nbsp;&nbsp;&nbsp;&nbsp;&nbsp;&nbsp;&nbsp;&nbsp;&nbsp;&nbsp;&nbsp;&nbsp;&nbsp;&nbsp;&nbsp;&nbsp;&nbsp;&nbsp;&nbsp;&nbsp;&nbsp;&nbsp;&nbsp;&nbsp;&nbsp;&nbsp;&nbsp;&nbsp;&nbsp;&nbsp;&nbsp;&nbsp;&nbsp;&nbsp;&nbsp;&nbsp;&nbsp;&nbsp;&nbsp;&nbsp;&nbsp;&nbsp;&nbsp;&nbsp;&nbsp;&nbsp;&nbsp;&nbsp;&nbsp;&nbsp;&nbsp;&nbsp;&nbsp;&nbsp;&nbsp;\u00a7 5<\/strong><\/p>\n\n\n\n<p><strong>FICHIERS \u00ab COOKIES \u00bb<\/strong><\/p>\n\n\n\n<ol class=\"wp-block-list\">\n<li>Le site de l\u2019Administrateur utilise des fichiers \u00ab cookies \u00bb.<\/li>\n\n\n\n<li>L\u2019installation de fichiers \u00ab cookies \u00bb est n\u00e9cessaire pour assurer le bon fonctionnement des services sur le site Internet de la Boutique. Les fichiers \u00ab cookies \u00bb contiennent des informations essentielles pour le fonctionnement correct du site et permettent \u00e9galement de produire des statistiques g\u00e9n\u00e9rales de visites du site Internet.<\/li>\n\n\n\n<li>Deux types de fichiers \u00ab cookies \u00bb sont utilis\u00e9s sur le site : \u00ab cookies de session \u00bb et \u00ab cookies permanents \u00bb.<br>3.1. Les \u00ab cookies de session \u00bb sont des fichiers temporaires stock\u00e9s sur l\u2019appareil terminal de l\u2019Utilisateur jusqu\u2019\u00e0 la d\u00e9connexion (quitter le site).<br>3.2. Les \u00ab cookies permanents \u00bb sont stock\u00e9s sur l\u2019appareil terminal de l\u2019Utilisateur pendant la dur\u00e9e d\u00e9finie dans les param\u00e8tres des fichiers \u00ab cookies \u00bb ou jusqu\u2019\u00e0 leur suppression par l\u2019Utilisateur.<\/li>\n\n\n\n<li>L\u2019Administrateur utilise ses propres fichiers cookies afin de mieux comprendre la mani\u00e8re dont les Utilisateurs interagissent avec le contenu du site. Ces fichiers collectent des informations sur la fa\u00e7on dont l\u2019Utilisateur utilise le site Internet, le type de page depuis laquelle l\u2019Utilisateur a \u00e9t\u00e9 redirig\u00e9, ainsi que le nombre de visites et la dur\u00e9e de la visite. Ces informations ne permettent pas d\u2019enregistrer des donn\u00e9es personnelles identifiables de l\u2019Utilisateur et servent uniquement \u00e0 produire des statistiques d\u2019utilisation du site.<\/li>\n\n\n\n<li>L\u2019Administrateur utilise \u00e9galement des fichiers cookies externes pour collecter des donn\u00e9es statistiques g\u00e9n\u00e9rales et anonymes via des outils d\u2019analyse tels que Google Analytics (administrateur des cookies externes : Google LLC, \u00c9tats-Unis).<\/li>\n\n\n\n<li>Les fichiers cookies peuvent \u00e9galement \u00eatre utilis\u00e9s par des r\u00e9seaux publicitaires (notamment le r\u00e9seau Google) afin d\u2019afficher des publicit\u00e9s adapt\u00e9es \u00e0 la mani\u00e8re dont l\u2019Utilisateur utilise la Boutique. \u00c0 cette fin, ils peuvent conserver des informations sur le parcours de navigation de l\u2019Utilisateur ou sur le temps pass\u00e9 sur une page donn\u00e9e.<\/li>\n\n\n\n<li>L\u2019Utilisateur a le droit de contr\u00f4ler l\u2019acc\u00e8s des fichiers \u00ab cookies \u00bb \u00e0 son ordinateur par les moyens suivants :<br>7.1. Choisir les types de cookies auxquels il consent imm\u00e9diatement apr\u00e8s l\u2019entr\u00e9e sur le site de la Boutique et l\u2019apparition de la notification relative aux cookies.<br>7.2. Modifier les param\u00e8tres dans sa fen\u00eatre de navigateur. Des informations d\u00e9taill\u00e9es sur les possibilit\u00e9s et les m\u00e9thodes de gestion des fichiers \u00ab cookies \u00bb sont \u00e9galement disponibles dans les param\u00e8tres du logiciel (navigateur Internet).<\/li>\n<\/ol>\n\n\n\n<p><strong>\u00a7 6<\/strong><strong><br><\/strong><strong>SERVICES SUPPL\u00c9MENTAIRES LI\u00c9S \u00c0 L\u2019ACTIVIT\u00c9 DE L\u2019UTILISATEUR DANS LA BOUTIQUE<\/strong><\/p>\n\n\n\n<ol class=\"wp-block-list\">\n<li>La Boutique utilise des plugins sociaux (\u00ab plugins \u00bb) de r\u00e9seaux sociaux. En affichant le site Internet www.one-sleeve.com, contenant un tel plugin, le navigateur de l\u2019Utilisateur \u00e9tablit une connexion directe avec les serveurs de Facebook, TikTok et Instagram.<\/li>\n\n\n\n<li>Le contenu du plugin est transmis par le fournisseur de services directement au navigateur de l\u2019Utilisateur et int\u00e9gr\u00e9 \u00e0 la page. Gr\u00e2ce \u00e0 cette int\u00e9gration, les fournisseurs de services re\u00e7oivent l\u2019information que le navigateur de l\u2019Utilisateur a affich\u00e9 la page www.one-sleeve.com, m\u00eame si l\u2019Utilisateur ne poss\u00e8de pas de profil aupr\u00e8s du fournisseur concern\u00e9 ou n\u2019est pas connect\u00e9 \u00e0 ce service. Cette information (y compris l\u2019adresse IP de l\u2019Utilisateur) est transmise par le navigateur directement au serveur du fournisseur de services (certains serveurs sont situ\u00e9s aux \u00c9tats-Unis) et y est stock\u00e9e.<\/li>\n\n\n\n<li>Si l\u2019Utilisateur se connecte \u00e0 l\u2019un des r\u00e9seaux sociaux mentionn\u00e9s ci-dessus, le fournisseur de services pourra attribuer directement la visite sur le site www.one-sleeve.com au profil de l\u2019Utilisateur sur ce r\u00e9seau social.<\/li>\n\n\n\n<li>Si l\u2019Utilisateur utilise un plugin, par exemple en cliquant sur le bouton \u00ab J\u2019aime \u00bb ou \u00ab Partager \u00bb, l\u2019information correspondante sera \u00e9galement transmise directement au serveur du fournisseur de services et y sera conserv\u00e9e.<\/li>\n\n\n\n<li>L\u2019objectif et l\u2019\u00e9tendue de la collecte des donn\u00e9es, ainsi que leur traitement et utilisation ult\u00e9rieurs par les fournisseurs de services, ainsi que la possibilit\u00e9 de contact et les droits de l\u2019Utilisateur \u00e0 cet \u00e9gard, y compris les param\u00e8tres garantissant la protection de la vie priv\u00e9e de l\u2019Utilisateur, sont d\u00e9crits dans la politique de confidentialit\u00e9 des fournisseurs de services :<br>5.1. <a href=\"https:\/\/www.facebook.com\/policy.php\" target=\"_blank\" rel=\"noopener\">https:\/\/www.facebook.com\/policy.php<br><\/a>5.2. <a href=\"https:\/\/www.tiktok.com\/legal\/page\/us\/privacy-policy\/en\" target=\"_blank\" rel=\"noopener\">https:\/\/www.tiktok.com\/legal\/page\/us\/privacy-policy\/en<br><\/a>5.3. <a href=\"https:\/\/help.instagram.com\/519522125107875?helpref=page_content\" target=\"_blank\" rel=\"noopener\">https:\/\/help.instagram.com\/519522125107875?helpref=page_content<\/a><\/li>\n\n\n\n<li>Si l\u2019Utilisateur ne souhaite pas que les r\u00e9seaux sociaux attribuent les donn\u00e9es collect\u00e9es lors de sa visite sur www.one-sleeve.com directement \u00e0 son profil sur le r\u00e9seau concern\u00e9, il doit se d\u00e9connecter de ce r\u00e9seau avant de visiter le site www.one-sleeve.com. L\u2019Utilisateur peut \u00e9galement emp\u00eacher compl\u00e8tement le chargement des plugins sur la page en utilisant des extensions appropri\u00e9es pour le navigateur, par exemple le blocage des scripts via \u00ab NoScript \u00bb.<\/li>\n\n\n\n<li>L\u2019Administrateur utilise sur son site des outils de remarketing, \u00e0 savoir Google Ads. Leur utilisation implique l\u2019usage des fichiers cookies de Google LLC concernant le service Google Ads. Dans le cadre du m\u00e9canisme de gestion des param\u00e8tres des fichiers cookies, l\u2019Utilisateur peut d\u00e9cider si l\u2019Administrateur peut utiliser Google Ads (administrateur du cookie externe : Google LLC, \u00c9tats-Unis) \u00e0 son \u00e9gard.<\/li>\n<\/ol>\n\n\n\n<p><strong>\u00a7 7<\/strong><strong><br><\/strong><strong>DISPOSITIONS FINALES<\/strong><\/p>\n\n\n\n<ol class=\"wp-block-list\">\n<li>L\u2019Administrateur met en \u0153uvre des mesures techniques et organisationnelles assurant la protection des donn\u00e9es personnelles trait\u00e9es, adapt\u00e9es aux risques et aux cat\u00e9gories de donn\u00e9es concern\u00e9es, et en particulier prot\u00e8ge les donn\u00e9es contre leur divulgation \u00e0 des personnes non autoris\u00e9es, leur acc\u00e8s par des personnes non habilit\u00e9es, leur traitement en violation des dispositions applicables, ainsi que contre toute modification, perte, dommage ou destruction.<\/li>\n\n\n\n<li>L\u2019Administrateur met \u00e0 disposition les moyens techniques appropri\u00e9s emp\u00eachant la collecte et la modification par des personnes non autoris\u00e9es des donn\u00e9es personnelles transmises par voie \u00e9lectronique.<\/li>\n\n\n\n<li>Pour les questions non r\u00e9glement\u00e9es par la pr\u00e9sente Politique de Confidentialit\u00e9, les dispositions du R\u00e8glement G\u00e9n\u00e9ral sur la Protection des Donn\u00e9es (RGPD) ainsi que les autres dispositions pertinentes du droit polonais s\u2019appliquent mutatis mutandis.<\/li>\n\n\n\n<li>L\u2019Administrateur met \u00e0 jour la pr\u00e9sente Politique de Confidentialit\u00e9 en cas de modifications l\u00e9gales ou de d\u00e9veloppement de son activit\u00e9. L\u2019information relative \u00e0 la modification de la Politique de Confidentialit\u00e9 sera publi\u00e9e au moins 7 jours avant son entr\u00e9e en vigueur sur le site Internet de la Boutique ou envoy\u00e9e par courrier \u00e9lectronique \u00e0 l\u2019Utilisateur qui utilise les Services \u00c9lectroniques fournis de mani\u00e8re continue (Compte, Newsletter).<\/li>\n<\/ol>\n<\/div>\n<\/div>\n","protected":false},"excerpt":{"rendered":"<p>POLITIQUE DE CONFIDENTIALIT\u00c9 DE LA BOUTIQUE EN LIGNE WWW.ONE-SLEEVE.COM \u00a7 1DISPOSITIONS G\u00c9N\u00c9RALES \u00a7 2TYPE DE DONN\u00c9ES PERSONNELLES TRAIT\u00c9ES, OBJECTIF ET PORT\u00c9E DE LA COLLECTE DE DONN\u00c9ES \u00a7 3COMMUNICATION DES DONN\u00c9ES PERSONNELLES \u00a7 4DROIT DE CONTR\u00d4LE, D\u2019ACC\u00c8S, DE RECTIFICATION ET DE SUPPRESSION DES DONN\u00c9ES PERSONNELLES &nbsp;&nbsp;&nbsp;&nbsp;&nbsp;&nbsp;&nbsp;&nbsp;&nbsp;&nbsp;&nbsp;&nbsp;&nbsp;&nbsp;&nbsp;&nbsp;&nbsp;&nbsp;&nbsp;&nbsp;&nbsp;&nbsp;&nbsp;&nbsp;&nbsp;&nbsp;&nbsp;&nbsp;&nbsp;&nbsp;&nbsp;&nbsp;&nbsp;&nbsp;&nbsp;&nbsp;&nbsp;&nbsp;&nbsp;&nbsp;&nbsp;&nbsp;&nbsp;&nbsp;&nbsp;&nbsp;&nbsp;&nbsp;&nbsp;&nbsp;&nbsp;&nbsp;&nbsp;&nbsp;&nbsp;&nbsp;&nbsp;&nbsp;&nbsp;&nbsp;&nbsp;&nbsp;&nbsp;&nbsp;&nbsp;&nbsp;&nbsp;&nbsp;&nbsp;&nbsp;&nbsp;&nbsp;&nbsp;&nbsp;&nbsp;&nbsp;&nbsp;&nbsp;&nbsp;&nbsp;&nbsp;&nbsp;&nbsp;&nbsp;\u00a7 5 FICHIERS \u00ab COOKIES \u00bb \u00a7 6SERVICES SUPPL\u00c9MENTAIRES LI\u00c9S \u00c0 [&hellip;]<\/p>\n","protected":false},"author":1,"featured_media":0,"parent":0,"menu_order":0,"comment_status":"closed","ping_status":"open","template":"template-fullwidth.php","meta":{"_acf_changed":false,"footnotes":""},"class_list":["post-957","page","type-page","status-publish","hentry"],"acf":[],"_links":{"self":[{"href":"https:\/\/one-sleeve.com\/fr\/wp-json\/wp\/v2\/pages\/957","targetHints":{"allow":["GET"]}}],"collection":[{"href":"https:\/\/one-sleeve.com\/fr\/wp-json\/wp\/v2\/pages"}],"about":[{"href":"https:\/\/one-sleeve.com\/fr\/wp-json\/wp\/v2\/types\/page"}],"author":[{"embeddable":true,"href":"https:\/\/one-sleeve.com\/fr\/wp-json\/wp\/v2\/users\/1"}],"replies":[{"embeddable":true,"href":"https:\/\/one-sleeve.com\/fr\/wp-json\/wp\/v2\/comments?post=957"}],"version-history":[{"count":2,"href":"https:\/\/one-sleeve.com\/fr\/wp-json\/wp\/v2\/pages\/957\/revisions"}],"predecessor-version":[{"id":1400,"href":"https:\/\/one-sleeve.com\/fr\/wp-json\/wp\/v2\/pages\/957\/revisions\/1400"}],"wp:attachment":[{"href":"https:\/\/one-sleeve.com\/fr\/wp-json\/wp\/v2\/media?parent=957"}],"curies":[{"name":"wp","href":"https:\/\/api.w.org\/{rel}","templated":true}]}}