{"id":953,"date":"2025-05-28T12:33:19","date_gmt":"2025-05-28T10:33:19","guid":{"rendered":"https:\/\/onesleeve.estima.site\/a-propos-de-nous\/"},"modified":"2025-05-28T13:46:13","modified_gmt":"2025-05-28T11:46:13","slug":"a-propos-de-nous","status":"publish","type":"page","link":"https:\/\/one-sleeve.com\/fr\/a-propos-de-nous\/","title":{"rendered":"\u00c0 propos de nous"},"content":{"rendered":"\t<div class=\"full_row-bread\">\n\t\t<div class=\"col-full\">\n\t\t<nav aria-label=\"breadcrumbs\" class=\"rank-math-breadcrumb\"><p><span class=\"last\">Home<\/span><\/p><\/nav>\t\t<\/div>\n\t<\/div>\n\t\n\n\n<div style=\"height:10px\" aria-hidden=\"true\" class=\"wp-block-spacer\"><\/div>\n\n\n\n<div class=\"wp-block-columns is-layout-flex wp-container-core-columns-is-layout-28f84493 wp-block-columns-is-layout-flex\">\n<div class=\"wp-block-column is-layout-flow wp-block-column-is-layout-flow\">        <div class=\"tot side_prawo size_side_\" style=\"background-color:;\">\r\n\r\n            <div class=\"tot__img\">\r\n                <picture class=\"tot__bgimg\">\r\n                    <img loading=\"lazy\" decoding=\"async\" width=\"600\" height=\"545\" src=\"https:\/\/one-sleeve.com\/wp-content\/uploads\/2025\/05\/onas-2.png\" class=\"bg\" alt=\"Onas (2)\" srcset=\"https:\/\/one-sleeve.com\/wp-content\/uploads\/2025\/05\/onas-2.png 600w, https:\/\/one-sleeve.com\/wp-content\/uploads\/2025\/05\/onas-2-300x273.png 300w, https:\/\/one-sleeve.com\/wp-content\/uploads\/2025\/05\/onas-2-324x294.png 324w, https:\/\/one-sleeve.com\/wp-content\/uploads\/2025\/05\/onas-2-64x58.png 64w\" sizes=\"auto, (max-width: 600px) 100vw, 600px\" \/>                <\/picture> \r\n            <\/div>\r\n\r\n            <div class=\"tot__content\">\r\n\r\n                <h2 class=\"tot__t\">OneSleeve<\/h2>\r\n                <div class=\"tot__desc\">Notre entreprise est n\u00e9e d&rsquo;une v\u00e9ritable passion pour les cartes \u00e0 collectionner, et plus particuli\u00e8rement pour les Pok\u00e9mon, et du besoin de proposer des accessoires offrant la meilleure protection possible. Nous savons que collectionner des cartes n&rsquo;est pas seulement un loisir, mais aussi un moyen de s&rsquo;exprimer, de cr\u00e9er des souvenirs et de savourer chaque carte. <\/div>\r\n                            <\/div>\r\n\r\n        <\/div>\r\n        <\/div>\n<\/div>\n\n\n\n<div style=\"height:10px\" aria-hidden=\"true\" class=\"wp-block-spacer\"><\/div>\n\n\n\n<div class=\"wp-block-columns is-layout-flex wp-container-core-columns-is-layout-28f84493 wp-block-columns-is-layout-flex\">\n<div class=\"wp-block-column is-layout-flow wp-block-column-is-layout-flow\">        <div class=\"blt\">\r\n            <div class=\"blt__row\">\r\n                <div class=\"blt__top\">\r\n                    <div class=\"blt__top--l\">\r\n                        <picture class=\"blt__top--img\">\r\n                            <img loading=\"lazy\" decoding=\"async\" width=\"527\" height=\"497\" src=\"https:\/\/one-sleeve.com\/wp-content\/uploads\/2025\/05\/onas-3.png\" class=\"bg\" alt=\"Onas (3)\" srcset=\"https:\/\/one-sleeve.com\/wp-content\/uploads\/2025\/05\/onas-3.png 527w, https:\/\/one-sleeve.com\/wp-content\/uploads\/2025\/05\/onas-3-300x283.png 300w, https:\/\/one-sleeve.com\/wp-content\/uploads\/2025\/05\/onas-3-324x306.png 324w, https:\/\/one-sleeve.com\/wp-content\/uploads\/2025\/05\/onas-3-64x60.png 64w\" sizes=\"auto, (max-width: 527px) 100vw, 527px\" \/>                        <\/picture> \r\n                    <\/div>\r\n                    <div class=\"blt__top--r\">\r\n                        <h2 class=\"section__title blt__top--t\">Comment cela a-t-il commenc\u00e9 ?<\/h2>\r\n                        <div class=\"section__desc blt__top--desc\">Le fondateur de notre marque \u00e9volue dans l&rsquo;univers des jeux de cartes depuis des ann\u00e9es. Lui-m\u00eame collectionneur, il a constat\u00e9 le manque d&rsquo;accessoires capables non seulement de prot\u00e9ger, mais aussi de mettre en valeur le style unique des collectionneurs. C&rsquo;est ainsi qu&rsquo;est n\u00e9e l&rsquo;id\u00e9e de proposer des pochettes de protection alliant fonctionnalit\u00e9 et esth\u00e9tique, permettant \u00e0 chaque joueur d&rsquo;apporter une touche personnelle \u00e0 sa collection.  <\/div>\r\n                    <\/div>\r\n                <\/div>\r\n                <div class=\"blt__bot\">\r\n                    <div class=\"blt__bot--l\">\r\n                        <h2 class=\"section__title blt__bot--t\">Notre mission<\/h2>\r\n                        <div class=\"section__desc blt__bot--desc\">Nous pensons que les cartes sont bien plus qu&rsquo;un simple jeu : elles sont un symbole d&rsquo;histoire, d&rsquo;\u00e9motions et de passion. C&rsquo;est pourquoi nous avons cr\u00e9\u00e9 une marque qui non seulement prend soin de leur s\u00e9curit\u00e9, mais vous offre \u00e9galement la possibilit\u00e9 de choisir des designs uniques. <\/div>\r\n                    <\/div>\r\n                    <div class=\"blt__bot--r\">\r\n                        <picture class=\"blt__bot--img\">\r\n                            <img loading=\"lazy\" decoding=\"async\" width=\"535\" height=\"364\" src=\"https:\/\/one-sleeve.com\/wp-content\/uploads\/2025\/05\/onas-4.png\" class=\"bg\" alt=\"Onas (4)\" srcset=\"https:\/\/one-sleeve.com\/wp-content\/uploads\/2025\/05\/onas-4.png 535w, https:\/\/one-sleeve.com\/wp-content\/uploads\/2025\/05\/onas-4-300x204.png 300w, https:\/\/one-sleeve.com\/wp-content\/uploads\/2025\/05\/onas-4-324x220.png 324w, https:\/\/one-sleeve.com\/wp-content\/uploads\/2025\/05\/onas-4-64x44.png 64w\" sizes=\"auto, (max-width: 535px) 100vw, 535px\" \/>                        <\/picture> \r\n                    <\/div>\r\n                <\/div>\r\n            <\/div>\r\n        <\/div>\r\n        <\/div>\n<\/div>\n\n\n\n<div style=\"height:10px\" aria-hidden=\"true\" class=\"wp-block-spacer\"><\/div>\n\n\n\n<div class=\"wp-block-columns is-layout-flex wp-container-core-columns-is-layout-28f84493 wp-block-columns-is-layout-flex\">\n<div class=\"wp-block-column is-layout-flow wp-block-column-is-layout-flow\">        <div class=\"wyroznia\">\r\n            <h3 class=\"section__title section__title--center wyroznia__t\">QU&rsquo;EST-CE QUI REND NOTRE MAGASIN SP\u00c9CIAL ?<\/h3>\r\n            <div class=\"wyroznia__icons\">\r\n                                    <div class=\"wyroznia__box\">\r\n                        <picture class=\"wyroznia__foto\">\r\n                            <img loading=\"lazy\" decoding=\"async\" width=\"64\" height=\"64\" src=\"https:\/\/one-sleeve.com\/wp-content\/uploads\/2025\/05\/onas-1.png\" class=\"foto\" alt=\"Onas (1)\" \/>                        <\/picture> \r\n                        <div class=\"wyroznia__text\">Nos produits prot\u00e8gent vos cartes des rayures, des dommages et de l&rsquo;usure.<\/div>\r\n                    <\/div>\r\n                                    <div class=\"wyroznia__box\">\r\n                        <picture class=\"wyroznia__foto\">\r\n                            <img loading=\"lazy\" decoding=\"async\" width=\"64\" height=\"64\" src=\"https:\/\/one-sleeve.com\/wp-content\/uploads\/2025\/05\/onas-1.png\" class=\"foto\" alt=\"Onas (1)\" \/>                        <\/picture> \r\n                        <div class=\"wyroznia__text\">Nous offrons la possibilit\u00e9 d&rsquo;acheter des T-shirts individuels, afin que chaque collectionneur puisse composer librement son propre ensemble.<\/div>\r\n                    <\/div>\r\n                                    <div class=\"wyroznia__box\">\r\n                        <picture class=\"wyroznia__foto\">\r\n                            <img loading=\"lazy\" decoding=\"async\" width=\"64\" height=\"64\" src=\"https:\/\/one-sleeve.com\/wp-content\/uploads\/2025\/05\/onas-1.png\" class=\"foto\" alt=\"Onas (1)\" \/>                        <\/picture> \r\n                        <div class=\"wyroznia__text\">L&rsquo;esth\u00e9tique est aussi importante pour nous que la fonctionnalit\u00e9, c&rsquo;est pourquoi nous proposons des illustrations qui soulignent le caract\u00e8re unique des cartes.<\/div>\r\n                    <\/div>\r\n                            <\/div>\r\n            <div class=\"wyroznia__content\">\r\n                <div class=\"wyroznia__desc\">Aujourd&rsquo;hui, nous sommes fiers de vous proposer des accessoires qui vous permettront de collectionner encore plus. Nous souhaitons vous inspirer pour enrichir votre collection. D\u00e9couvrez notre offre et d\u00e9couvrez comment donner encore plus de caract\u00e8re \u00e0 vos cartes.  <\/div>\r\n                <a class=\"wyroznia__btn\" href=\"https:\/\/one-sleeve.com\/fr\/boutique\/\" target=\"\">Allez au magasin !<\/a>\r\n            <\/div>\r\n        <\/div>\r\n        <\/div>\n<\/div>\n","protected":false},"excerpt":{"rendered":"","protected":false},"author":1,"featured_media":0,"parent":0,"menu_order":0,"comment_status":"closed","ping_status":"closed","template":"template-fullwidth.php","meta":{"_acf_changed":false,"footnotes":""},"class_list":["post-953","page","type-page","status-publish","hentry"],"acf":[],"_links":{"self":[{"href":"https:\/\/one-sleeve.com\/fr\/wp-json\/wp\/v2\/pages\/953","targetHints":{"allow":["GET"]}}],"collection":[{"href":"https:\/\/one-sleeve.com\/fr\/wp-json\/wp\/v2\/pages"}],"about":[{"href":"https:\/\/one-sleeve.com\/fr\/wp-json\/wp\/v2\/types\/page"}],"author":[{"embeddable":true,"href":"https:\/\/one-sleeve.com\/fr\/wp-json\/wp\/v2\/users\/1"}],"replies":[{"embeddable":true,"href":"https:\/\/one-sleeve.com\/fr\/wp-json\/wp\/v2\/comments?post=953"}],"version-history":[{"count":2,"href":"https:\/\/one-sleeve.com\/fr\/wp-json\/wp\/v2\/pages\/953\/revisions"}],"predecessor-version":[{"id":985,"href":"https:\/\/one-sleeve.com\/fr\/wp-json\/wp\/v2\/pages\/953\/revisions\/985"}],"wp:attachment":[{"href":"https:\/\/one-sleeve.com\/fr\/wp-json\/wp\/v2\/media?parent=953"}],"curies":[{"name":"wp","href":"https:\/\/api.w.org\/{rel}","templated":true}]}}