{"id":939,"date":"2025-05-28T11:07:36","date_gmt":"2025-05-28T09:07:36","guid":{"rendered":"https:\/\/onesleeve.estima.site\/blog\/"},"modified":"2025-05-28T11:07:37","modified_gmt":"2025-05-28T09:07:37","slug":"blog","status":"publish","type":"page","link":"https:\/\/one-sleeve.com\/fr\/blog\/","title":{"rendered":"Blog"},"content":{"rendered":"\n<div class=\"wp-block-columns alignfull is-layout-flex wp-container-core-columns-is-layout-28f84493 wp-block-columns-is-layout-flex\">\n<div class=\"wp-block-column is-layout-flow wp-block-column-is-layout-flow\">\t<div class=\"full_row-bread\">\n\t\t<div class=\"col-full\">\n\t\t<nav aria-label=\"breadcrumbs\" class=\"rank-math-breadcrumb\"><p><span class=\"last\">Home<\/span><\/p><\/nav>\t\t<\/div>\n\t<\/div>\n\t<\/div>\n<\/div>\n\n<div style=\"height:15px\" aria-hidden=\"true\" class=\"wp-block-spacer\"><\/div>\n\n<div class=\"wp-block-columns text is-layout-flex wp-container-core-columns-is-layout-28f84493 wp-block-columns-is-layout-flex\">\n<div class=\"wp-block-column is-layout-flow wp-block-column-is-layout-flow\" style=\"flex-basis:10%\"><\/div>\n\n\n\n<div class=\"wp-block-column is-layout-flow wp-block-column-is-layout-flow\" style=\"flex-basis:80%\">\n<h2 class=\"wp-block-heading has-text-align-center section__title\">ACTUALIT\u00c9S DU BLOG<\/h2>\n\n\n\n<p class=\"has-text-align-center max500\">Plongez dans l&rsquo;univers des jeux et des collections ! Consultez les guides, les actualit\u00e9s et les curiosit\u00e9s sur le blog OneSleeve \u2013 lisez et jouez en toute conscience.<\/p>\n<\/div>\n\n\n\n<div class=\"wp-block-column is-layout-flow wp-block-column-is-layout-flow\" style=\"flex-basis:10%\"><\/div>\n<\/div>\n\n<div style=\"height:15px\" aria-hidden=\"true\" class=\"wp-block-spacer\"><\/div>\n\n<div class=\"wp-block-columns is-layout-flex wp-container-core-columns-is-layout-28f84493 wp-block-columns-is-layout-flex\">\n<div class=\"wp-block-column is-layout-flow wp-block-column-is-layout-flow\">    <div class=\"catposttop\">\n        <div class=\"catblockrow\">\n            <div class=\"catblocks\"><a href=\"\/fr\/blog\">Tous<\/a><\/div><div class=\"catblocks\"><a href=\"https:\/\/one-sleeve.com\/fr\/category\/dragon-ball-fr\/\">Dragon Ball<\/a><\/div><div class=\"catblocks\"><a href=\"https:\/\/one-sleeve.com\/fr\/category\/lorcana-fr\/\">Lorcana<\/a><\/div><div class=\"catblocks\"><a href=\"https:\/\/one-sleeve.com\/fr\/category\/one-piece-fr\/\">One Piece<\/a><\/div><div class=\"catblocks\"><a href=\"https:\/\/one-sleeve.com\/fr\/category\/pokemon-fr\/\">Pokemon<\/a><\/div>        <\/div>\n        <div class=\"searchwrappost\">\n            <form role=\"search\" method=\"get\" class=\"search-form\" action=\"https:\/\/one-sleeve.com\/fr\/\">\n                                    <input type=\"search\" class=\"search-field\" placeholder=\"Recherche\" value=\"\" name=\"s\" \/>\n                                <input type=\"hidden\" name=\"post_type\" value=\"post\" \/>\n                <button type=\"submit\" class=\"search-submit\" aria-label=\"Szukaj\">\n                    <img decoding=\"async\" class=\"searchimg\" src=\"\/wp-content\/themes\/onesleeve\/assets\/gfx\/search.svg\" alt=\"szukaj\">\n                <\/button>\n            <\/form>\n        <\/div>\n    <\/div>\n    <div class=\"postfirst pf\">\n                <div class=\"pf__post\">\n            <div class=\"pf__post--l\">\n\n                                    <a class=\"image\" href=\"https:\/\/one-sleeve.com\/fr\/poradnik-kupujacego-10-najlepszych-pakietow-boosterow-do-kupienia\/\"><img loading=\"lazy\" decoding=\"async\" width=\"1648\" height=\"920\" src=\"https:\/\/one-sleeve.com\/wp-content\/uploads\/2025\/05\/wpis-2.jpg\" class=\"attachment-full size-full wp-post-image\" alt=\"Wpis (2)\" srcset=\"https:\/\/one-sleeve.com\/wp-content\/uploads\/2025\/05\/wpis-2.jpg 1648w, https:\/\/one-sleeve.com\/wp-content\/uploads\/2025\/05\/wpis-2-300x167.jpg 300w, https:\/\/one-sleeve.com\/wp-content\/uploads\/2025\/05\/wpis-2-1024x572.jpg 1024w, https:\/\/one-sleeve.com\/wp-content\/uploads\/2025\/05\/wpis-2-768x429.jpg 768w, https:\/\/one-sleeve.com\/wp-content\/uploads\/2025\/05\/wpis-2-1536x857.jpg 1536w, https:\/\/one-sleeve.com\/wp-content\/uploads\/2025\/05\/wpis-2-324x181.jpg 324w, https:\/\/one-sleeve.com\/wp-content\/uploads\/2025\/05\/wpis-2-600x335.jpg 600w, https:\/\/one-sleeve.com\/wp-content\/uploads\/2025\/05\/wpis-2-64x36.jpg 64w\" sizes=\"auto, (max-width: 1648px) 100vw, 1648px\" \/><\/a>\n                    <\/div>\n                        <div class=\"pf__post--content\">\n                <div class=\"pf__post--data\">\n                    <div class=\"pf__post--dt\">26.05.2025<\/div>                <\/div>\n                <a class=\"pf__post--titlepost\" href=\"https:\/\/one-sleeve.com\/fr\/poradnik-kupujacego-10-najlepszych-pakietow-boosterow-do-kupienia\/\">Poradnik kupuj\u0105cego: 10 najlepszych pakiet\u00f3w booster\u00f3w do kupienia<\/a>\n                <div class=\"pf__post--desc\">Chcesz zacz\u0105\u0107 budowa\u0107\u00a0porz\u0105dn\u0105\u00a0kolekcj\u0119 kart Pok\u00e9mon ?\u00a0W tym przypadku trudno b\u0119dzie Ci obej\u015b\u0107 si\u0119 bez &#8230;Chcesz zacz\u0105\u0107 budowa\u0107\u00a0porz\u0105dn\u0105\u00a0kolekcj\u0119 kart Pok\u00e9mon ?\u00a0W tym przypadku trudno b\u0119dzie Ci obej\u015b\u0107 si\u0119 bez &#8230;Chcesz zacz\u0105\u0107 budowa\u0107\u00a0porz\u0105dn\u0105\u00a0kolekcj\u0119 kart Pok\u00e9mon<\/div>\n                <a class=\"pf__post--button\" href=\"https:\/\/one-sleeve.com\/fr\/poradnik-kupujacego-10-najlepszych-pakietow-boosterow-do-kupienia\/\">\n                                    En savoir plus\n                                <\/a>\n            <\/div>\n        <\/div>\n    <\/div>\n        \n\n   <div class=\"nw nw__all\">\n        <div class=\"nw__posts\">\n                            \n\n                                                <div class=\"nwb__post\">\n                                                                    <a class=\"image\" href=\"https:\/\/one-sleeve.com\/fr\/zrozumienie-wartosci-twojej-kolekcji-kart-pokemon2\/\"><img loading=\"lazy\" decoding=\"async\" width=\"300\" height=\"192\" src=\"https:\/\/one-sleeve.com\/wp-content\/uploads\/2025\/05\/wpis-3-300x192.jpg\" class=\"attachment-medium size-medium wp-post-image\" alt=\"Wpis (3)\" srcset=\"https:\/\/one-sleeve.com\/wp-content\/uploads\/2025\/05\/wpis-3-300x192.jpg 300w, https:\/\/one-sleeve.com\/wp-content\/uploads\/2025\/05\/wpis-3-324x207.jpg 324w, https:\/\/one-sleeve.com\/wp-content\/uploads\/2025\/05\/wpis-3-600x384.jpg 600w, https:\/\/one-sleeve.com\/wp-content\/uploads\/2025\/05\/wpis-3-64x41.jpg 64w, https:\/\/one-sleeve.com\/wp-content\/uploads\/2025\/05\/wpis-3.jpg 625w\" sizes=\"auto, (max-width: 300px) 100vw, 300px\" \/><\/a>\n                                                                    <div class=\"nwb__content\">\n                                    <div class=\"nwb__descpost\">mai 21, 2025<\/div>\n                                    <a class=\"nwb__titlepost\" href=\"https:\/\/one-sleeve.com\/fr\/zrozumienie-wartosci-twojej-kolekcji-kart-pokemon2\/\">Zrozumienie warto\u015bci Twojej kolekcji kart Pok\u00e9mon2<\/a>\n                                    <div class=\"nwb__descpost\">Istnieje du\u017ce prawdopodobie\u0144stwo, \u017ce kolekcja kart Pok\u00e9mon, kt\u00f3r\u0105 pieczo\u0142owicie schowa\u0142e\u015b w segregatorze lub niedbale schowa\u0142e\u015b w pude\u0142ku na buty,<\/div>\n                                    <a class=\"nwb__titlelink\" href=\"https:\/\/one-sleeve.com\/fr\/zrozumienie-wartosci-twojej-kolekcji-kart-pokemon2\/\">\n                                                                            En savoir plus\n                                                                        <\/a>\n                                <\/div>\n                            <\/div>\n                                                    <div class=\"nwb__post\">\n                                                                    <a class=\"image\" href=\"https:\/\/one-sleeve.com\/fr\/jak-rozpoznac-falszywa-karte\/\"><img loading=\"lazy\" decoding=\"async\" width=\"300\" height=\"167\" src=\"https:\/\/one-sleeve.com\/wp-content\/uploads\/2025\/05\/wpis-1-300x167.png\" class=\"attachment-medium size-medium wp-post-image\" alt=\"Wpis (1)\" srcset=\"https:\/\/one-sleeve.com\/wp-content\/uploads\/2025\/05\/wpis-1-300x167.png 300w, https:\/\/one-sleeve.com\/wp-content\/uploads\/2025\/05\/wpis-1-1024x572.png 1024w, https:\/\/one-sleeve.com\/wp-content\/uploads\/2025\/05\/wpis-1-768x429.png 768w, https:\/\/one-sleeve.com\/wp-content\/uploads\/2025\/05\/wpis-1-1536x857.png 1536w, https:\/\/one-sleeve.com\/wp-content\/uploads\/2025\/05\/wpis-1-324x181.png 324w, https:\/\/one-sleeve.com\/wp-content\/uploads\/2025\/05\/wpis-1-600x335.png 600w, https:\/\/one-sleeve.com\/wp-content\/uploads\/2025\/05\/wpis-1-64x36.png 64w, https:\/\/one-sleeve.com\/wp-content\/uploads\/2025\/05\/wpis-1.png 1648w\" sizes=\"auto, (max-width: 300px) 100vw, 300px\" \/><\/a>\n                                                                    <div class=\"nwb__content\">\n                                    <div class=\"nwb__descpost\">mai 20, 2025<\/div>\n                                    <a class=\"nwb__titlepost\" href=\"https:\/\/one-sleeve.com\/fr\/jak-rozpoznac-falszywa-karte\/\">Jak rozpozna\u0107 fa\u0142szyw\u0105 kart\u0119<\/a>\n                                    <div class=\"nwb__descpost\">W\u0142a\u015bnie znalaz\u0142e\u015b\u00a0\u00a0kart\u0119 Pok\u00e9mon\u00a0i dr\u0119czy Ci\u0119 jedno pytanie: czy mo\u017ce by\u0107 ona\u00a0podr\u00f3bk\u0105\u00a0? Nie panikuj! Oto praktyczny przewodnik, kt\u00f3ry<\/div>\n                                    <a class=\"nwb__titlelink\" href=\"https:\/\/one-sleeve.com\/fr\/jak-rozpoznac-falszywa-karte\/\">\n                                                                            En savoir plus\n                                                                        <\/a>\n                                <\/div>\n                            <\/div>\n                                                    <div class=\"nwb__post\">\n                                                                    <a class=\"image\" href=\"https:\/\/one-sleeve.com\/fr\/jak-rozpoznac-falszywa-karte5\/\"><img loading=\"lazy\" decoding=\"async\" width=\"300\" height=\"167\" src=\"https:\/\/one-sleeve.com\/wp-content\/uploads\/2025\/05\/wpis-1-300x167.png\" class=\"attachment-medium size-medium wp-post-image\" alt=\"Wpis (1)\" srcset=\"https:\/\/one-sleeve.com\/wp-content\/uploads\/2025\/05\/wpis-1-300x167.png 300w, https:\/\/one-sleeve.com\/wp-content\/uploads\/2025\/05\/wpis-1-1024x572.png 1024w, https:\/\/one-sleeve.com\/wp-content\/uploads\/2025\/05\/wpis-1-768x429.png 768w, https:\/\/one-sleeve.com\/wp-content\/uploads\/2025\/05\/wpis-1-1536x857.png 1536w, https:\/\/one-sleeve.com\/wp-content\/uploads\/2025\/05\/wpis-1-324x181.png 324w, https:\/\/one-sleeve.com\/wp-content\/uploads\/2025\/05\/wpis-1-600x335.png 600w, https:\/\/one-sleeve.com\/wp-content\/uploads\/2025\/05\/wpis-1-64x36.png 64w, https:\/\/one-sleeve.com\/wp-content\/uploads\/2025\/05\/wpis-1.png 1648w\" sizes=\"auto, (max-width: 300px) 100vw, 300px\" \/><\/a>\n                                                                    <div class=\"nwb__content\">\n                                    <div class=\"nwb__descpost\">mai 6, 2025<\/div>\n                                    <a class=\"nwb__titlepost\" href=\"https:\/\/one-sleeve.com\/fr\/jak-rozpoznac-falszywa-karte5\/\">Jak rozpozna\u0107 fa\u0142szyw\u0105 kart\u01195<\/a>\n                                    <div class=\"nwb__descpost\">W\u0142a\u015bnie znalaz\u0142e\u015b\u00a0\u00a0kart\u0119 Pok\u00e9mon\u00a0i dr\u0119czy Ci\u0119 jedno pytanie: czy mo\u017ce by\u0107 ona\u00a0podr\u00f3bk\u0105\u00a0? Nie panikuj! Oto praktyczny przewodnik, kt\u00f3ry<\/div>\n                                    <a class=\"nwb__titlelink\" href=\"https:\/\/one-sleeve.com\/fr\/jak-rozpoznac-falszywa-karte5\/\">\n                                                                            En savoir plus\n                                                                        <\/a>\n                                <\/div>\n                            <\/div>\n                                                    <div class=\"nwb__post\">\n                                                                    <a class=\"image\" href=\"https:\/\/one-sleeve.com\/fr\/zrozumienie-wartosci-twojej-kolekcji-kart-pokemon5\/\"><img loading=\"lazy\" decoding=\"async\" width=\"300\" height=\"192\" src=\"https:\/\/one-sleeve.com\/wp-content\/uploads\/2025\/05\/wpis-3-300x192.jpg\" class=\"attachment-medium size-medium wp-post-image\" alt=\"Wpis (3)\" srcset=\"https:\/\/one-sleeve.com\/wp-content\/uploads\/2025\/05\/wpis-3-300x192.jpg 300w, https:\/\/one-sleeve.com\/wp-content\/uploads\/2025\/05\/wpis-3-324x207.jpg 324w, https:\/\/one-sleeve.com\/wp-content\/uploads\/2025\/05\/wpis-3-600x384.jpg 600w, https:\/\/one-sleeve.com\/wp-content\/uploads\/2025\/05\/wpis-3-64x41.jpg 64w, https:\/\/one-sleeve.com\/wp-content\/uploads\/2025\/05\/wpis-3.jpg 625w\" sizes=\"auto, (max-width: 300px) 100vw, 300px\" \/><\/a>\n                                                                    <div class=\"nwb__content\">\n                                    <div class=\"nwb__descpost\">mai 5, 2025<\/div>\n                                    <a class=\"nwb__titlepost\" href=\"https:\/\/one-sleeve.com\/fr\/zrozumienie-wartosci-twojej-kolekcji-kart-pokemon5\/\">Zrozumienie warto\u015bci Twojej kolekcji kart Pok\u00e9mon5<\/a>\n                                    <div class=\"nwb__descpost\">Istnieje du\u017ce prawdopodobie\u0144stwo, \u017ce kolekcja kart Pok\u00e9mon, kt\u00f3r\u0105 pieczo\u0142owicie schowa\u0142e\u015b w segregatorze lub niedbale schowa\u0142e\u015b w pude\u0142ku na buty,<\/div>\n                                    <a class=\"nwb__titlelink\" href=\"https:\/\/one-sleeve.com\/fr\/zrozumienie-wartosci-twojej-kolekcji-kart-pokemon5\/\">\n                                                                            En savoir plus\n                                                                        <\/a>\n                                <\/div>\n                            <\/div>\n                                                    <div class=\"nwb__post\">\n                                                                    <a class=\"image\" href=\"https:\/\/one-sleeve.com\/fr\/zrozumienie-wartosci-twojej-kolekcji-kart-pokemon4\/\"><img loading=\"lazy\" decoding=\"async\" width=\"300\" height=\"192\" src=\"https:\/\/one-sleeve.com\/wp-content\/uploads\/2025\/05\/wpis-3-300x192.jpg\" class=\"attachment-medium size-medium wp-post-image\" alt=\"Wpis (3)\" srcset=\"https:\/\/one-sleeve.com\/wp-content\/uploads\/2025\/05\/wpis-3-300x192.jpg 300w, https:\/\/one-sleeve.com\/wp-content\/uploads\/2025\/05\/wpis-3-324x207.jpg 324w, https:\/\/one-sleeve.com\/wp-content\/uploads\/2025\/05\/wpis-3-600x384.jpg 600w, https:\/\/one-sleeve.com\/wp-content\/uploads\/2025\/05\/wpis-3-64x41.jpg 64w, https:\/\/one-sleeve.com\/wp-content\/uploads\/2025\/05\/wpis-3.jpg 625w\" sizes=\"auto, (max-width: 300px) 100vw, 300px\" \/><\/a>\n                                                                    <div class=\"nwb__content\">\n                                    <div class=\"nwb__descpost\">mai 4, 2025<\/div>\n                                    <a class=\"nwb__titlepost\" href=\"https:\/\/one-sleeve.com\/fr\/zrozumienie-wartosci-twojej-kolekcji-kart-pokemon4\/\">Zrozumienie warto\u015bci Twojej kolekcji kart Pok\u00e9mon4<\/a>\n                                    <div class=\"nwb__descpost\">Istnieje du\u017ce prawdopodobie\u0144stwo, \u017ce kolekcja kart Pok\u00e9mon, kt\u00f3r\u0105 pieczo\u0142owicie schowa\u0142e\u015b w segregatorze lub niedbale schowa\u0142e\u015b w pude\u0142ku na buty,<\/div>\n                                    <a class=\"nwb__titlelink\" href=\"https:\/\/one-sleeve.com\/fr\/zrozumienie-wartosci-twojej-kolekcji-kart-pokemon4\/\">\n                                                                            En savoir plus\n                                                                        <\/a>\n                                <\/div>\n                            <\/div>\n                                                    <div class=\"nwb__post\">\n                                                                    <a class=\"image\" href=\"https:\/\/one-sleeve.com\/fr\/zrozumienie-wartosci-twojej-kolekcji-kart-pokemon3\/\"><img loading=\"lazy\" decoding=\"async\" width=\"300\" height=\"192\" src=\"https:\/\/one-sleeve.com\/wp-content\/uploads\/2025\/05\/wpis-3-300x192.jpg\" class=\"attachment-medium size-medium wp-post-image\" alt=\"Wpis (3)\" srcset=\"https:\/\/one-sleeve.com\/wp-content\/uploads\/2025\/05\/wpis-3-300x192.jpg 300w, https:\/\/one-sleeve.com\/wp-content\/uploads\/2025\/05\/wpis-3-324x207.jpg 324w, https:\/\/one-sleeve.com\/wp-content\/uploads\/2025\/05\/wpis-3-600x384.jpg 600w, https:\/\/one-sleeve.com\/wp-content\/uploads\/2025\/05\/wpis-3-64x41.jpg 64w, https:\/\/one-sleeve.com\/wp-content\/uploads\/2025\/05\/wpis-3.jpg 625w\" sizes=\"auto, (max-width: 300px) 100vw, 300px\" \/><\/a>\n                                                                    <div class=\"nwb__content\">\n                                    <div class=\"nwb__descpost\">mai 3, 2025<\/div>\n                                    <a class=\"nwb__titlepost\" href=\"https:\/\/one-sleeve.com\/fr\/zrozumienie-wartosci-twojej-kolekcji-kart-pokemon3\/\">Zrozumienie warto\u015bci Twojej kolekcji kart Pok\u00e9mon3<\/a>\n                                    <div class=\"nwb__descpost\">Istnieje du\u017ce prawdopodobie\u0144stwo, \u017ce kolekcja kart Pok\u00e9mon, kt\u00f3r\u0105 pieczo\u0142owicie schowa\u0142e\u015b w segregatorze lub niedbale schowa\u0142e\u015b w pude\u0142ku na buty,<\/div>\n                                    <a class=\"nwb__titlelink\" href=\"https:\/\/one-sleeve.com\/fr\/zrozumienie-wartosci-twojej-kolekcji-kart-pokemon3\/\">\n                                                                            En savoir plus\n                                                                        <\/a>\n                                <\/div>\n                            <\/div>\n                                                    <div class=\"nwb__post\">\n                                                                    <a class=\"image\" href=\"https:\/\/one-sleeve.com\/fr\/nowa-fala-kolekcjonerstwa\/\"><img loading=\"lazy\" decoding=\"async\" width=\"300\" height=\"300\" src=\"https:\/\/one-sleeve.com\/wp-content\/uploads\/2025\/05\/OneSleeve_jpg_2-300x300.jpg\" class=\"attachment-medium size-medium wp-post-image\" alt=\"\" srcset=\"https:\/\/one-sleeve.com\/wp-content\/uploads\/2025\/05\/OneSleeve_jpg_2-300x300.jpg 300w, https:\/\/one-sleeve.com\/wp-content\/uploads\/2025\/05\/OneSleeve_jpg_2-1024x1024.jpg 1024w, https:\/\/one-sleeve.com\/wp-content\/uploads\/2025\/05\/OneSleeve_jpg_2-150x150.jpg 150w, https:\/\/one-sleeve.com\/wp-content\/uploads\/2025\/05\/OneSleeve_jpg_2-768x768.jpg 768w, https:\/\/one-sleeve.com\/wp-content\/uploads\/2025\/05\/OneSleeve_jpg_2-1536x1536.jpg 1536w, https:\/\/one-sleeve.com\/wp-content\/uploads\/2025\/05\/OneSleeve_jpg_2-2048x2048.jpg 2048w, https:\/\/one-sleeve.com\/wp-content\/uploads\/2025\/05\/OneSleeve_jpg_2-324x324.jpg 324w, https:\/\/one-sleeve.com\/wp-content\/uploads\/2025\/05\/OneSleeve_jpg_2-600x600.jpg 600w, https:\/\/one-sleeve.com\/wp-content\/uploads\/2025\/05\/OneSleeve_jpg_2-100x100.jpg 100w, https:\/\/one-sleeve.com\/wp-content\/uploads\/2025\/05\/OneSleeve_jpg_2-64x64.jpg 64w\" sizes=\"auto, (max-width: 300px) 100vw, 300px\" \/><\/a>\n                                                                    <div class=\"nwb__content\">\n                                    <div class=\"nwb__descpost\"><\/div>\n                                    <a class=\"nwb__titlepost\" href=\"https:\/\/one-sleeve.com\/fr\/nowa-fala-kolekcjonerstwa\/\">Nowa fala kolekcjonerstwa: koszulki na karty Pok\u00e9mon staj\u0105 si\u0119 r\u00f3wnie po\u017c\u0105dane jak same karty!<\/a>\n                                    <div class=\"nwb__descpost\">Jeszcze kilka lat temu koszulki na karty Pok\u00e9mon (tzw. card sleeves) pe\u0142ni\u0142y jedynie funkcj\u0119 ochronn\u0105 \u2014 mia\u0142y zapobiega\u0107 zarysowaniom, zabrudzeniom i<\/div>\n                                    <a class=\"nwb__titlelink\" href=\"https:\/\/one-sleeve.com\/fr\/nowa-fala-kolekcjonerstwa\/\">\n                                                                            En savoir plus\n                                                                        <\/a>\n                                <\/div>\n                            <\/div>\n                                                    <div class=\"nwb__post\">\n                                                                    <a class=\"image\" href=\"https:\/\/one-sleeve.com\/fr\/jak-rozpoznac-falszywa-karte4\/\"><img loading=\"lazy\" decoding=\"async\" width=\"300\" height=\"167\" src=\"https:\/\/one-sleeve.com\/wp-content\/uploads\/2025\/05\/wpis-1-300x167.png\" class=\"attachment-medium size-medium wp-post-image\" alt=\"Wpis (1)\" srcset=\"https:\/\/one-sleeve.com\/wp-content\/uploads\/2025\/05\/wpis-1-300x167.png 300w, https:\/\/one-sleeve.com\/wp-content\/uploads\/2025\/05\/wpis-1-1024x572.png 1024w, https:\/\/one-sleeve.com\/wp-content\/uploads\/2025\/05\/wpis-1-768x429.png 768w, https:\/\/one-sleeve.com\/wp-content\/uploads\/2025\/05\/wpis-1-1536x857.png 1536w, https:\/\/one-sleeve.com\/wp-content\/uploads\/2025\/05\/wpis-1-324x181.png 324w, https:\/\/one-sleeve.com\/wp-content\/uploads\/2025\/05\/wpis-1-600x335.png 600w, https:\/\/one-sleeve.com\/wp-content\/uploads\/2025\/05\/wpis-1-64x36.png 64w, https:\/\/one-sleeve.com\/wp-content\/uploads\/2025\/05\/wpis-1.png 1648w\" sizes=\"auto, (max-width: 300px) 100vw, 300px\" \/><\/a>\n                                                                    <div class=\"nwb__content\">\n                                    <div class=\"nwb__descpost\">mars 26, 2025<\/div>\n                                    <a class=\"nwb__titlepost\" href=\"https:\/\/one-sleeve.com\/fr\/jak-rozpoznac-falszywa-karte4\/\">Jak rozpozna\u0107 fa\u0142szyw\u0105 kart\u01194<\/a>\n                                    <div class=\"nwb__descpost\">W\u0142a\u015bnie znalaz\u0142e\u015b\u00a0\u00a0kart\u0119 Pok\u00e9mon\u00a0i dr\u0119czy Ci\u0119 jedno pytanie: czy mo\u017ce by\u0107 ona\u00a0podr\u00f3bk\u0105\u00a0? Nie panikuj! Oto praktyczny przewodnik, kt\u00f3ry<\/div>\n                                    <a class=\"nwb__titlelink\" href=\"https:\/\/one-sleeve.com\/fr\/jak-rozpoznac-falszywa-karte4\/\">\n                                                                            En savoir plus\n                                                                        <\/a>\n                                <\/div>\n                            <\/div>\n                                                    <div class=\"nwb__post\">\n                                                                    <a class=\"image\" href=\"https:\/\/one-sleeve.com\/fr\/najcenniejsze-karty-pokemonw-2024-roku2\/\"><img loading=\"lazy\" decoding=\"async\" width=\"300\" height=\"167\" src=\"https:\/\/one-sleeve.com\/wp-content\/uploads\/2025\/05\/wpis-1-300x167.jpg\" class=\"attachment-medium size-medium wp-post-image\" alt=\"Wpis (1)\" srcset=\"https:\/\/one-sleeve.com\/wp-content\/uploads\/2025\/05\/wpis-1-300x167.jpg 300w, https:\/\/one-sleeve.com\/wp-content\/uploads\/2025\/05\/wpis-1-1024x572.jpg 1024w, https:\/\/one-sleeve.com\/wp-content\/uploads\/2025\/05\/wpis-1-768x429.jpg 768w, https:\/\/one-sleeve.com\/wp-content\/uploads\/2025\/05\/wpis-1-1536x857.jpg 1536w, https:\/\/one-sleeve.com\/wp-content\/uploads\/2025\/05\/wpis-1-324x181.jpg 324w, https:\/\/one-sleeve.com\/wp-content\/uploads\/2025\/05\/wpis-1-600x335.jpg 600w, https:\/\/one-sleeve.com\/wp-content\/uploads\/2025\/05\/wpis-1-64x36.jpg 64w, https:\/\/one-sleeve.com\/wp-content\/uploads\/2025\/05\/wpis-1.jpg 1648w\" sizes=\"auto, (max-width: 300px) 100vw, 300px\" \/><\/a>\n                                                                    <div class=\"nwb__content\">\n                                    <div class=\"nwb__descpost\">mars 11, 2025<\/div>\n                                    <a class=\"nwb__titlepost\" href=\"https:\/\/one-sleeve.com\/fr\/najcenniejsze-karty-pokemonw-2024-roku2\/\">Najcenniejsze karty Pok\u00e9monw 2024 roku2<\/a>\n                                    <div class=\"nwb__descpost\">W 2024 roku niekt\u00f3re karty Pok\u00e9mon nadal osi\u0105gaj\u0105 zawrotne ceny, co\u00a0przyci\u0105ga kolekcjoner\u00f3w&#8230;W 2024 roku niekt\u00f3re karty Pok\u00e9mon nadal osi\u0105gaj\u0105<\/div>\n                                    <a class=\"nwb__titlelink\" href=\"https:\/\/one-sleeve.com\/fr\/najcenniejsze-karty-pokemonw-2024-roku2\/\">\n                                                                            En savoir plus\n                                                                        <\/a>\n                                <\/div>\n                            <\/div>\n                                                <div class=\"pagination pagination__blog\">\n                    <span aria-label=\"Page 1\" aria-current=\"page\" class=\"page-numbers current\">1<\/span>\n<a aria-label=\"Page 2\" class=\"page-numbers\" href=\"https:\/\/one-sleeve.com\/fr\/wp-json\/wp\/v2\/pages\/939\/page\/2\/\">2<\/a>\n<a class=\"next page-numbers\" href=\"https:\/\/one-sleeve.com\/fr\/wp-json\/wp\/v2\/pages\/939\/page\/2\/\"><svg xmlns=\"http:\/\/www.w3.org\/2000\/svg\" width=\"6\" height=\"10\" viewBox=\"0 0 6 10\" fill=\"none\">\n<path d=\"M1.08984 0.910156L5.24759 5.06421\" stroke=\"#1E181B\" stroke-width=\"0.75\" stroke-linecap=\"round\" stroke-linejoin=\"round\"\/>\n<path d=\"M5.24759 5.09338L1.08984 9.24744\" stroke=\"#1E181B\" stroke-width=\"0.75\" stroke-linecap=\"round\" stroke-linejoin=\"round\"\/>\n<\/svg> <i><\/i><\/a>                    <\/div>\n                                        <\/div>\n    <\/div>\n\t<\/div>\n<\/div>\n","protected":false},"excerpt":{"rendered":"<p>ACTUALIT\u00c9S DU BLOG Plongez dans l&rsquo;univers des jeux et des collections ! Consultez les guides, les actualit\u00e9s et les curiosit\u00e9s sur le blog OneSleeve \u2013 lisez et jouez en toute conscience.<\/p>\n","protected":false},"author":1,"featured_media":0,"parent":0,"menu_order":0,"comment_status":"closed","ping_status":"closed","template":"template-fullwidth.php","meta":{"_acf_changed":false,"footnotes":""},"class_list":["post-939","page","type-page","status-publish","hentry"],"acf":[],"_links":{"self":[{"href":"https:\/\/one-sleeve.com\/fr\/wp-json\/wp\/v2\/pages\/939","targetHints":{"allow":["GET"]}}],"collection":[{"href":"https:\/\/one-sleeve.com\/fr\/wp-json\/wp\/v2\/pages"}],"about":[{"href":"https:\/\/one-sleeve.com\/fr\/wp-json\/wp\/v2\/types\/page"}],"author":[{"embeddable":true,"href":"https:\/\/one-sleeve.com\/fr\/wp-json\/wp\/v2\/users\/1"}],"replies":[{"embeddable":true,"href":"https:\/\/one-sleeve.com\/fr\/wp-json\/wp\/v2\/comments?post=939"}],"version-history":[{"count":1,"href":"https:\/\/one-sleeve.com\/fr\/wp-json\/wp\/v2\/pages\/939\/revisions"}],"predecessor-version":[{"id":940,"href":"https:\/\/one-sleeve.com\/fr\/wp-json\/wp\/v2\/pages\/939\/revisions\/940"}],"wp:attachment":[{"href":"https:\/\/one-sleeve.com\/fr\/wp-json\/wp\/v2\/media?parent=939"}],"curies":[{"name":"wp","href":"https:\/\/api.w.org\/{rel}","templated":true}]}}