{"id":1822,"date":"2025-11-25T09:36:07","date_gmt":"2025-11-25T07:36:07","guid":{"rendered":"https:\/\/one-sleeve.com\/produkt\/leafeon-card-sleeve-pokemon-center\/"},"modified":"2025-11-25T19:24:13","modified_gmt":"2025-11-25T17:24:13","slug":"leafeon-card-sleeve-pokemon-center","status":"publish","type":"product","link":"https:\/\/one-sleeve.com\/en\/produkt\/leafeon-card-sleeve-pokemon-center\/","title":{"rendered":"Leafeon autumn &#8211; card sleeve (Pok\u00e9mon Center)"},"content":{"rendered":"<p><strong>Shield your cards, Embrace the Style!<\/strong><\/p>\n<p><strong>Wygodna sprzeda\u017c koszulek na sztuki<\/strong><br \/>\nKupuj\u0105c koszulki na sztuk\u0119, masz mo\u017cliwo\u015b\u0107 wyboru r\u00f3\u017cnych ilustracji bez konieczno\u015bci zakupu ca\u0142ych opakowa\u0144. To wygodne rozwi\u0105zanie, kt\u00f3re pozwala na zakup dok\u0142adnie tylu koszulek, ile potrzebujesz, zapewniaj\u0105c pe\u0142n\u0105 swobod\u0119 i oszcz\u0119dno\u015b\u0107. Idealne dla ka\u017cdego kolekcjonera!<\/p>\n<p><strong>Ochrona na najwy\u017cszym poziomie<\/strong><br \/>\nKoszulki zosta\u0142y wykonane z trwa\u0142ych materia\u0142\u00f3w, kt\u00f3re chroni\u0105 Twoje karty przed:<br \/>\n&#8211; zarysowaniami,<br \/>\n&#8211; zabrudzeniami,<br \/>\n&#8211; wilgoci\u0105.<\/p>\n<p><strong>Oficjalny produkt Pokemon Center<\/strong><br \/>\nProdukt pochodzi z oficjalnej kolekcji <strong>Pok\u00e9mon Center Japan<\/strong>, co gwarantuje najwy\u017csz\u0105 jako\u015b\u0107 wykonania oraz oryginalny styl. \u015awietny pomys\u0142 na prezent dla fan\u00f3w serii!<\/p>\n<p><strong>Dlaczego warto wybra\u0107 ten produkt?<\/strong><\/p>\n<p>\u2022 Limitowana edycja z Pokemon Center.<br \/>\n\u2022 Sprzeda\u017c koszulek na sztuki.<br \/>\n\u2022 Wymiary 66 x 91 mm \u2013 perfekcyjnie dopasowane do kart Pok\u00e9mon.<br \/>\n\u2022 Oryginalno\u015b\u0107 gwarantowana przez Pok\u00e9mon Center.<br \/>\n\u2022 Doskona\u0142a ochrona Twoich ulubionych kart.<\/p>\n<p>Je\u015bli chcesz otrzyma\u0107 produkt z darmow\u0105 kart\u0105 w\u0142o\u017con\u0105 do koszulki, zaznacz opcj\u0119 &#8220;<strong>dodaj darmow\u0105 kart\u0119<\/strong>&#8221; podczas sk\u0142adania zam\u00f3wienia.<\/p>\n<p>&nbsp;<\/p>\n<p><strong>Zam\u00f3w teraz<\/strong> i dbaj o swoje karty jak prawdziwy mistrz Pok\u00e9mon!<\/p>\n","protected":false},"excerpt":{"rendered":"<p>Chro\u0144 swoje karty Pok\u00e9mon z oryginalnymi koszulkami z Pok\u00e9mon Center. Wytrzyma\u0142e, idealnie dopasowane i z limitowanymi grafikami \u2013 \u015bwietne do kolekcji. Ochrona przed zarysowaniami i zabrudzeniami. Koszulki do kart sprzedawane s\u0105 na sztuk\u0119. <strong>Zam\u00f3w teraz!<\/strong><\/p>\n","protected":false},"featured_media":2222,"comment_status":"closed","ping_status":"closed","template":"","meta":{"_acf_changed":false},"product_brand":[],"product_cat":[115,17,21,22],"product_tag":[],"class_list":{"0":"post-1822","1":"product","2":"type-product","3":"status-publish","4":"has-post-thumbnail","6":"product_cat-sklep-kategoria","7":"product_cat-koszulki-na-karty-1","8":"product_cat-pokemon","9":"product_cat-koszulki-na-karty-pokemon","10":"pa_postac-leafeon","11":"pa_producent-pokemon-center","12":"pa_typ-koszulka-na-karty","14":"first","15":"instock","16":"taxable","17":"shipping-taxable","18":"purchasable","19":"product-type-simple"},"acf":[],"_links":{"self":[{"href":"https:\/\/one-sleeve.com\/en\/wp-json\/wp\/v2\/product\/1822","targetHints":{"allow":["GET"]}}],"collection":[{"href":"https:\/\/one-sleeve.com\/en\/wp-json\/wp\/v2\/product"}],"about":[{"href":"https:\/\/one-sleeve.com\/en\/wp-json\/wp\/v2\/types\/product"}],"replies":[{"embeddable":true,"href":"https:\/\/one-sleeve.com\/en\/wp-json\/wp\/v2\/comments?post=1822"}],"wp:featuredmedia":[{"embeddable":true,"href":"https:\/\/one-sleeve.com\/en\/wp-json\/wp\/v2\/media\/2222"}],"wp:attachment":[{"href":"https:\/\/one-sleeve.com\/en\/wp-json\/wp\/v2\/media?parent=1822"}],"wp:term":[{"taxonomy":"product_brand","embeddable":true,"href":"https:\/\/one-sleeve.com\/en\/wp-json\/wp\/v2\/product_brand?post=1822"},{"taxonomy":"product_cat","embeddable":true,"href":"https:\/\/one-sleeve.com\/en\/wp-json\/wp\/v2\/product_cat?post=1822"},{"taxonomy":"product_tag","embeddable":true,"href":"https:\/\/one-sleeve.com\/en\/wp-json\/wp\/v2\/product_tag?post=1822"}],"curies":[{"name":"wp","href":"https:\/\/api.w.org\/{rel}","templated":true}]}}